{"id":2746,"date":"2017-08-08T09:56:05","date_gmt":"2017-08-08T07:56:05","guid":{"rendered":"https:\/\/www.opendoors.org.za\/product\/god-se-smokkelaar-60-ste-herdenkingsuitgawe\/"},"modified":"2020-09-29T12:13:49","modified_gmt":"2020-09-29T10:13:49","slug":"god-se-smokkelaar-60-ste-herdenkingsuitgawe","status":"publish","type":"product","link":"https:\/\/www.opendoors.org.za\/afr\/produk\/god-se-smokkelaar-60-ste-herdenkingsuitgawe\/","title":{"rendered":"God se Smokkelaar"},"content":{"rendered":"<p>\u201cHere, in my bagasie het ek Bybels wat ek na U kinders anderkant hierdie grens wil neem. Toe U op aarde was, het U blinde o\u00eb siende gemaak. Ek bid U, maak nou siende o\u00eb blind. Moenie dat die wagte daardie dinge sien wat U nie wil h\u00ea hulle moet sien nie.\u201d<\/p>\n<p>Broer Andrew het die gebed in 1957 gebid en die wagte het sy motor, wat volgestop was van die<br \/>\nBybels, deur die Joego-Slawiese grens laat gaan. Dit was ook die begin van \u0149 sending om Christene te<br \/>\nbereik wat weens hul geloof vervolg word. Elke besoek aan die vervolgde Kerk sou gevaar inhou,<br \/>\nelke rit was vol ontbering en wonderwerke.<\/p>\n<blockquote><p><em>\u201cEk het met groot belangstelling elke woord in God se Smokkelaar gelees. Ek was met min boeke die<br \/>\nafgelope jare so ingenome as met hierdie een. Dit is waarlik \u0149 grootse verhaal.\u201d<\/em> \u2013Dr. Oswald J. Smith<\/p><\/blockquote>\n","protected":false},"excerpt":{"rendered":"<p>\u201cHere, in my bagasie het ek Bybels wat ek na U kinders anderkant hierdie grens wil neem. Toe U op<br \/>\naarde was, het U blinde o\u00eb siende gemaak. Ek bid U, maak nou siende o\u00eb blind. Moenie dat die<br \/>\nwagte daardie dinge sien wat U nie wil h\u00ea hulle moet sien nie.\u201d<\/p>\n","protected":false},"featured_media":21982,"template":"","meta":{"_acf_changed":false},"product_brand":[],"product_cat":[203,205],"product_tag":[],"class_list":{"0":"post-2746","1":"product","2":"type-product","3":"status-publish","4":"has-post-thumbnail","6":"product_cat-winkel","7":"product_cat-boeke","8":"entry","9":"has-media","11":"first","12":"instock","13":"shipping-taxable","14":"purchasable","15":"product-type-variable"},"acf":[],"yoast_head":"<!-- This site is optimized with the Yoast SEO plugin v27.1.1 - https:\/\/yoast.com\/product\/yoast-seo-wordpress\/ -->\n<title>God se Smokkelaar - Geopende Deure<\/title>\n<meta name=\"robots\" content=\"index, follow, max-snippet:-1, max-image-preview:large, max-video-preview:-1\" \/>\n<link rel=\"canonical\" href=\"https:\/\/www.opendoors.org.za\/afr\/produk\/god-se-smokkelaar-60-ste-herdenkingsuitgawe\/\" \/>\n<meta property=\"og:locale\" content=\"af_ZA\" \/>\n<meta property=\"og:type\" content=\"article\" \/>\n<meta property=\"og:title\" content=\"God se Smokkelaar - Geopende Deure\" \/>\n<meta property=\"og:description\" content=\"\u201cHere, in my bagasie het ek Bybels wat ek na U kinders anderkant hierdie grens wil neem. Toe U op aarde was, het U blinde o\u00eb siende gemaak. Ek bid U, maak nou siende o\u00eb blind. Moenie dat die wagte daardie dinge sien wat U nie wil h\u00ea hulle moet sien nie.\u201d\" \/>\n<meta property=\"og:url\" content=\"https:\/\/www.opendoors.org.za\/afr\/produk\/god-se-smokkelaar-60-ste-herdenkingsuitgawe\/\" \/>\n<meta property=\"og:site_name\" content=\"Geopende Deure\" \/>\n<meta property=\"article:modified_time\" content=\"2020-09-29T10:13:49+00:00\" \/>\n<meta property=\"og:image\" content=\"https:\/\/www.opendoors.org.za\/wp-content\/uploads\/2020\/03\/God-se-Smokkelaar-New-format.png\" \/>\n\t<meta property=\"og:image:width\" content=\"1000\" \/>\n\t<meta property=\"og:image:height\" content=\"1000\" \/>\n\t<meta property=\"og:image:type\" content=\"image\/png\" \/>\n<meta name=\"twitter:card\" content=\"summary_large_image\" \/>\n<meta name=\"twitter:label1\" content=\"Est. reading time\" \/>\n\t<meta name=\"twitter:data1\" content=\"1 minute\" \/>\n<script type=\"application\/ld+json\" class=\"yoast-schema-graph\">{\"@context\":\"https:\/\/schema.org\",\"@graph\":[{\"@type\":\"WebPage\",\"@id\":\"https:\/\/www.opendoors.org.za\/afr\/produk\/god-se-smokkelaar-60-ste-herdenkingsuitgawe\/\",\"url\":\"https:\/\/www.opendoors.org.za\/afr\/produk\/god-se-smokkelaar-60-ste-herdenkingsuitgawe\/\",\"name\":\"God se Smokkelaar - Geopende Deure\",\"isPartOf\":{\"@id\":\"https:\/\/www.opendoors.org.za\/afr\/#website\"},\"primaryImageOfPage\":{\"@id\":\"https:\/\/www.opendoors.org.za\/afr\/produk\/god-se-smokkelaar-60-ste-herdenkingsuitgawe\/#primaryimage\"},\"image\":{\"@id\":\"https:\/\/www.opendoors.org.za\/afr\/produk\/god-se-smokkelaar-60-ste-herdenkingsuitgawe\/#primaryimage\"},\"thumbnailUrl\":\"https:\/\/www.opendoors.org.za\/wp-content\/uploads\/2020\/03\/God-se-Smokkelaar-New-format.png\",\"datePublished\":\"2017-08-08T07:56:05+00:00\",\"dateModified\":\"2020-09-29T10:13:49+00:00\",\"breadcrumb\":{\"@id\":\"https:\/\/www.opendoors.org.za\/afr\/produk\/god-se-smokkelaar-60-ste-herdenkingsuitgawe\/#breadcrumb\"},\"inLanguage\":\"af-ZA\",\"potentialAction\":[{\"@type\":\"ReadAction\",\"target\":[\"https:\/\/www.opendoors.org.za\/afr\/produk\/god-se-smokkelaar-60-ste-herdenkingsuitgawe\/\"]}]},{\"@type\":\"ImageObject\",\"inLanguage\":\"af-ZA\",\"@id\":\"https:\/\/www.opendoors.org.za\/afr\/produk\/god-se-smokkelaar-60-ste-herdenkingsuitgawe\/#primaryimage\",\"url\":\"https:\/\/www.opendoors.org.za\/wp-content\/uploads\/2020\/03\/God-se-Smokkelaar-New-format.png\",\"contentUrl\":\"https:\/\/www.opendoors.org.za\/wp-content\/uploads\/2020\/03\/God-se-Smokkelaar-New-format.png\",\"width\":1000,\"height\":1000},{\"@type\":\"BreadcrumbList\",\"@id\":\"https:\/\/www.opendoors.org.za\/afr\/produk\/god-se-smokkelaar-60-ste-herdenkingsuitgawe\/#breadcrumb\",\"itemListElement\":[{\"@type\":\"ListItem\",\"position\":1,\"name\":\"\",\"item\":\"https:\/\/www.opendoors.org.za\/afr\/\"},{\"@type\":\"ListItem\",\"position\":2,\"name\":\"Produkte\",\"item\":\"https:\/\/www.opendoors.org.za\/afr\/shop\/\"},{\"@type\":\"ListItem\",\"position\":3,\"name\":\"God se Smokkelaar\"}]},{\"@type\":\"WebSite\",\"@id\":\"https:\/\/www.opendoors.org.za\/afr\/#website\",\"url\":\"https:\/\/www.opendoors.org.za\/afr\/\",\"name\":\"Geopende Deure\",\"description\":\"The world&#039;s largest outreach to persecuted Christians in the most high-risk places.\",\"publisher\":{\"@id\":\"https:\/\/www.opendoors.org.za\/afr\/#organization\"},\"potentialAction\":[{\"@type\":\"SearchAction\",\"target\":{\"@type\":\"EntryPoint\",\"urlTemplate\":\"https:\/\/www.opendoors.org.za\/afr\/?s={search_term_string}\"},\"query-input\":{\"@type\":\"PropertyValueSpecification\",\"valueRequired\":true,\"valueName\":\"search_term_string\"}}],\"inLanguage\":\"af-ZA\"},{\"@type\":\"Organization\",\"@id\":\"https:\/\/www.opendoors.org.za\/afr\/#organization\",\"name\":\"Geopende Deure\",\"url\":\"https:\/\/www.opendoors.org.za\/afr\/\",\"logo\":{\"@type\":\"ImageObject\",\"inLanguage\":\"af-ZA\",\"@id\":\"https:\/\/www.opendoors.org.za\/afr\/#\/schema\/logo\/image\/\",\"url\":\"https:\/\/www.opendoors.org.za\/wp-content\/uploads\/2023\/08\/Open-Doors-English-2023.png\",\"contentUrl\":\"https:\/\/www.opendoors.org.za\/wp-content\/uploads\/2023\/08\/Open-Doors-English-2023.png\",\"width\":606,\"height\":76,\"caption\":\"Geopende Deure\"},\"image\":{\"@id\":\"https:\/\/www.opendoors.org.za\/afr\/#\/schema\/logo\/image\/\"}}]}<\/script>\n<!-- \/ Yoast SEO plugin. -->","yoast_head_json":{"title":"God se Smokkelaar - Geopende Deure","robots":{"index":"index","follow":"follow","max-snippet":"max-snippet:-1","max-image-preview":"max-image-preview:large","max-video-preview":"max-video-preview:-1"},"canonical":"https:\/\/www.opendoors.org.za\/afr\/produk\/god-se-smokkelaar-60-ste-herdenkingsuitgawe\/","og_locale":"af_ZA","og_type":"article","og_title":"God se Smokkelaar - Geopende Deure","og_description":"\u201cHere, in my bagasie het ek Bybels wat ek na U kinders anderkant hierdie grens wil neem. Toe U op aarde was, het U blinde o\u00eb siende gemaak. Ek bid U, maak nou siende o\u00eb blind. Moenie dat die wagte daardie dinge sien wat U nie wil h\u00ea hulle moet sien nie.\u201d","og_url":"https:\/\/www.opendoors.org.za\/afr\/produk\/god-se-smokkelaar-60-ste-herdenkingsuitgawe\/","og_site_name":"Geopende Deure","article_modified_time":"2020-09-29T10:13:49+00:00","og_image":[{"width":1000,"height":1000,"url":"https:\/\/www.opendoors.org.za\/wp-content\/uploads\/2020\/03\/God-se-Smokkelaar-New-format.png","type":"image\/png"}],"twitter_card":"summary_large_image","twitter_misc":{"Est. reading time":"1 minute"},"schema":{"@context":"https:\/\/schema.org","@graph":[{"@type":"WebPage","@id":"https:\/\/www.opendoors.org.za\/afr\/produk\/god-se-smokkelaar-60-ste-herdenkingsuitgawe\/","url":"https:\/\/www.opendoors.org.za\/afr\/produk\/god-se-smokkelaar-60-ste-herdenkingsuitgawe\/","name":"God se Smokkelaar - Geopende Deure","isPartOf":{"@id":"https:\/\/www.opendoors.org.za\/afr\/#website"},"primaryImageOfPage":{"@id":"https:\/\/www.opendoors.org.za\/afr\/produk\/god-se-smokkelaar-60-ste-herdenkingsuitgawe\/#primaryimage"},"image":{"@id":"https:\/\/www.opendoors.org.za\/afr\/produk\/god-se-smokkelaar-60-ste-herdenkingsuitgawe\/#primaryimage"},"thumbnailUrl":"https:\/\/www.opendoors.org.za\/wp-content\/uploads\/2020\/03\/God-se-Smokkelaar-New-format.png","datePublished":"2017-08-08T07:56:05+00:00","dateModified":"2020-09-29T10:13:49+00:00","breadcrumb":{"@id":"https:\/\/www.opendoors.org.za\/afr\/produk\/god-se-smokkelaar-60-ste-herdenkingsuitgawe\/#breadcrumb"},"inLanguage":"af-ZA","potentialAction":[{"@type":"ReadAction","target":["https:\/\/www.opendoors.org.za\/afr\/produk\/god-se-smokkelaar-60-ste-herdenkingsuitgawe\/"]}]},{"@type":"ImageObject","inLanguage":"af-ZA","@id":"https:\/\/www.opendoors.org.za\/afr\/produk\/god-se-smokkelaar-60-ste-herdenkingsuitgawe\/#primaryimage","url":"https:\/\/www.opendoors.org.za\/wp-content\/uploads\/2020\/03\/God-se-Smokkelaar-New-format.png","contentUrl":"https:\/\/www.opendoors.org.za\/wp-content\/uploads\/2020\/03\/God-se-Smokkelaar-New-format.png","width":1000,"height":1000},{"@type":"BreadcrumbList","@id":"https:\/\/www.opendoors.org.za\/afr\/produk\/god-se-smokkelaar-60-ste-herdenkingsuitgawe\/#breadcrumb","itemListElement":[{"@type":"ListItem","position":1,"name":"","item":"https:\/\/www.opendoors.org.za\/afr\/"},{"@type":"ListItem","position":2,"name":"Produkte","item":"https:\/\/www.opendoors.org.za\/afr\/shop\/"},{"@type":"ListItem","position":3,"name":"God se Smokkelaar"}]},{"@type":"WebSite","@id":"https:\/\/www.opendoors.org.za\/afr\/#website","url":"https:\/\/www.opendoors.org.za\/afr\/","name":"Geopende Deure","description":"The world&#039;s largest outreach to persecuted Christians in the most high-risk places.","publisher":{"@id":"https:\/\/www.opendoors.org.za\/afr\/#organization"},"potentialAction":[{"@type":"SearchAction","target":{"@type":"EntryPoint","urlTemplate":"https:\/\/www.opendoors.org.za\/afr\/?s={search_term_string}"},"query-input":{"@type":"PropertyValueSpecification","valueRequired":true,"valueName":"search_term_string"}}],"inLanguage":"af-ZA"},{"@type":"Organization","@id":"https:\/\/www.opendoors.org.za\/afr\/#organization","name":"Geopende Deure","url":"https:\/\/www.opendoors.org.za\/afr\/","logo":{"@type":"ImageObject","inLanguage":"af-ZA","@id":"https:\/\/www.opendoors.org.za\/afr\/#\/schema\/logo\/image\/","url":"https:\/\/www.opendoors.org.za\/wp-content\/uploads\/2023\/08\/Open-Doors-English-2023.png","contentUrl":"https:\/\/www.opendoors.org.za\/wp-content\/uploads\/2023\/08\/Open-Doors-English-2023.png","width":606,"height":76,"caption":"Geopende Deure"},"image":{"@id":"https:\/\/www.opendoors.org.za\/afr\/#\/schema\/logo\/image\/"}}]}},"_links":{"self":[{"href":"https:\/\/www.opendoors.org.za\/afr\/wp-json\/wp\/v2\/product\/2746","targetHints":{"allow":["GET"]}}],"collection":[{"href":"https:\/\/www.opendoors.org.za\/afr\/wp-json\/wp\/v2\/product"}],"about":[{"href":"https:\/\/www.opendoors.org.za\/afr\/wp-json\/wp\/v2\/types\/product"}],"wp:featuredmedia":[{"embeddable":true,"href":"https:\/\/www.opendoors.org.za\/afr\/wp-json\/wp\/v2\/media\/21982"}],"wp:attachment":[{"href":"https:\/\/www.opendoors.org.za\/afr\/wp-json\/wp\/v2\/media?parent=2746"}],"wp:term":[{"taxonomy":"product_brand","embeddable":true,"href":"https:\/\/www.opendoors.org.za\/afr\/wp-json\/wp\/v2\/product_brand?post=2746"},{"taxonomy":"product_cat","embeddable":true,"href":"https:\/\/www.opendoors.org.za\/afr\/wp-json\/wp\/v2\/product_cat?post=2746"},{"taxonomy":"product_tag","embeddable":true,"href":"https:\/\/www.opendoors.org.za\/afr\/wp-json\/wp\/v2\/product_tag?post=2746"}],"curies":[{"name":"wp","href":"https:\/\/api.w.org\/{rel}","templated":true}]}}