{"id":2480,"date":"2017-09-22T11:32:59","date_gmt":"2017-09-22T09:32:59","guid":{"rendered":"https:\/\/www.opendoors.org.za\/product\/1226-armband\/"},"modified":"2020-10-16T11:47:19","modified_gmt":"2020-10-16T09:47:19","slug":"1226-armband","status":"publish","type":"product","link":"https:\/\/www.opendoors.org.za\/afr\/produk\/1226-armband\/","title":{"rendered":"12:26 Armband"},"content":{"rendered":"<p><strong><em>\u201cAs een lid ly, ly al die lede saam; en as een lid ge\u00eber word, is al die lede saam bly\u2026\u201d<\/em> <\/strong>\u2013 1 Korinti\u00ebrs 12:26 (Nuwe Vertaling)<\/p>\n<p>Die 12:26-armband, is \u0149 Geopende Deure inisiatief om jou aan te moedig en te herinner om vir die vervolgde Kerk w\u00eareldwyd te bid. Stel jou alarm vir 12:26 elke middag en neem een minuut om 1 Korinti\u00ebrs 12:26 te onthou en vir ons broers en suster te bid in di\u00e9 dele van die w\u00eareld waar geloof die meeste kos.<\/p>\n<p>Koop 1 armband vir R10<br \/>\nKoop 5 armbande vir R45<br \/>\nKoop 10 armbande vir R90<\/p>\n","protected":false},"excerpt":{"rendered":"<p><strong><em>\u201cAs een lid ly, ly al die lede saam; en as een lid ge\u00eber word, is al die lede saam bly\u2026\u201d<\/em> <\/strong>\u2013 1 Korinti\u00ebrs 12:26 (Nuwe Vertaling)<\/p>\n","protected":false},"featured_media":16161,"template":"","meta":{"_acf_changed":false},"product_brand":[],"product_cat":[203],"product_tag":[],"class_list":{"0":"post-2480","1":"product","2":"type-product","3":"status-publish","4":"has-post-thumbnail","6":"product_cat-winkel","7":"entry","8":"has-media","10":"first","11":"instock","12":"shipping-taxable","13":"purchasable","14":"product-type-variable"},"acf":[],"yoast_head":"<!-- This site is optimized with the Yoast SEO plugin v27.1.1 - https:\/\/yoast.com\/product\/yoast-seo-wordpress\/ -->\n<title>12:26 Armband - Geopende Deure<\/title>\n<meta name=\"robots\" content=\"index, follow, max-snippet:-1, max-image-preview:large, max-video-preview:-1\" \/>\n<link rel=\"canonical\" href=\"https:\/\/www.opendoors.org.za\/afr\/produk\/1226-armband\/\" \/>\n<meta property=\"og:locale\" content=\"af_ZA\" \/>\n<meta property=\"og:type\" content=\"article\" \/>\n<meta property=\"og:title\" content=\"12:26 Armband - Geopende Deure\" \/>\n<meta property=\"og:description\" content=\"\u201cAs een lid ly, ly al die lede saam; en as een lid ge\u00eber word, is al die lede saam bly\u2026\u201d \u2013 1 Korinti\u00ebrs 12:26 (Nuwe Vertaling)\" \/>\n<meta property=\"og:url\" content=\"https:\/\/www.opendoors.org.za\/afr\/produk\/1226-armband\/\" \/>\n<meta property=\"og:site_name\" content=\"Geopende Deure\" \/>\n<meta property=\"article:modified_time\" content=\"2020-10-16T09:47:19+00:00\" \/>\n<meta property=\"og:image\" content=\"https:\/\/www.opendoors.org.za\/wp-content\/uploads\/2019\/03\/1226_Pink_Green.png\" \/>\n\t<meta property=\"og:image:width\" content=\"1000\" \/>\n\t<meta property=\"og:image:height\" content=\"1000\" \/>\n\t<meta property=\"og:image:type\" content=\"image\/png\" \/>\n<meta name=\"twitter:card\" content=\"summary_large_image\" \/>\n<script type=\"application\/ld+json\" class=\"yoast-schema-graph\">{\"@context\":\"https:\/\/schema.org\",\"@graph\":[{\"@type\":\"WebPage\",\"@id\":\"https:\/\/www.opendoors.org.za\/afr\/produk\/1226-armband\/\",\"url\":\"https:\/\/www.opendoors.org.za\/afr\/produk\/1226-armband\/\",\"name\":\"12:26 Armband - Geopende Deure\",\"isPartOf\":{\"@id\":\"https:\/\/www.opendoors.org.za\/afr\/#website\"},\"primaryImageOfPage\":{\"@id\":\"https:\/\/www.opendoors.org.za\/afr\/produk\/1226-armband\/#primaryimage\"},\"image\":{\"@id\":\"https:\/\/www.opendoors.org.za\/afr\/produk\/1226-armband\/#primaryimage\"},\"thumbnailUrl\":\"https:\/\/www.opendoors.org.za\/wp-content\/uploads\/2019\/03\/1226_Pink_Green.png\",\"datePublished\":\"2017-09-22T09:32:59+00:00\",\"dateModified\":\"2020-10-16T09:47:19+00:00\",\"breadcrumb\":{\"@id\":\"https:\/\/www.opendoors.org.za\/afr\/produk\/1226-armband\/#breadcrumb\"},\"inLanguage\":\"af-ZA\",\"potentialAction\":[{\"@type\":\"ReadAction\",\"target\":[\"https:\/\/www.opendoors.org.za\/afr\/produk\/1226-armband\/\"]}]},{\"@type\":\"ImageObject\",\"inLanguage\":\"af-ZA\",\"@id\":\"https:\/\/www.opendoors.org.za\/afr\/produk\/1226-armband\/#primaryimage\",\"url\":\"https:\/\/www.opendoors.org.za\/wp-content\/uploads\/2019\/03\/1226_Pink_Green.png\",\"contentUrl\":\"https:\/\/www.opendoors.org.za\/wp-content\/uploads\/2019\/03\/1226_Pink_Green.png\",\"width\":1000,\"height\":1000},{\"@type\":\"BreadcrumbList\",\"@id\":\"https:\/\/www.opendoors.org.za\/afr\/produk\/1226-armband\/#breadcrumb\",\"itemListElement\":[{\"@type\":\"ListItem\",\"position\":1,\"name\":\"\",\"item\":\"https:\/\/www.opendoors.org.za\/afr\/\"},{\"@type\":\"ListItem\",\"position\":2,\"name\":\"Produkte\",\"item\":\"https:\/\/www.opendoors.org.za\/afr\/shop\/\"},{\"@type\":\"ListItem\",\"position\":3,\"name\":\"12:26 Armband\"}]},{\"@type\":\"WebSite\",\"@id\":\"https:\/\/www.opendoors.org.za\/afr\/#website\",\"url\":\"https:\/\/www.opendoors.org.za\/afr\/\",\"name\":\"Geopende Deure\",\"description\":\"The world&#039;s largest outreach to persecuted Christians in the most high-risk places.\",\"publisher\":{\"@id\":\"https:\/\/www.opendoors.org.za\/afr\/#organization\"},\"potentialAction\":[{\"@type\":\"SearchAction\",\"target\":{\"@type\":\"EntryPoint\",\"urlTemplate\":\"https:\/\/www.opendoors.org.za\/afr\/?s={search_term_string}\"},\"query-input\":{\"@type\":\"PropertyValueSpecification\",\"valueRequired\":true,\"valueName\":\"search_term_string\"}}],\"inLanguage\":\"af-ZA\"},{\"@type\":\"Organization\",\"@id\":\"https:\/\/www.opendoors.org.za\/afr\/#organization\",\"name\":\"Geopende Deure\",\"url\":\"https:\/\/www.opendoors.org.za\/afr\/\",\"logo\":{\"@type\":\"ImageObject\",\"inLanguage\":\"af-ZA\",\"@id\":\"https:\/\/www.opendoors.org.za\/afr\/#\/schema\/logo\/image\/\",\"url\":\"https:\/\/www.opendoors.org.za\/wp-content\/uploads\/2023\/08\/Open-Doors-English-2023.png\",\"contentUrl\":\"https:\/\/www.opendoors.org.za\/wp-content\/uploads\/2023\/08\/Open-Doors-English-2023.png\",\"width\":606,\"height\":76,\"caption\":\"Geopende Deure\"},\"image\":{\"@id\":\"https:\/\/www.opendoors.org.za\/afr\/#\/schema\/logo\/image\/\"}}]}<\/script>\n<!-- \/ Yoast SEO plugin. -->","yoast_head_json":{"title":"12:26 Armband - Geopende Deure","robots":{"index":"index","follow":"follow","max-snippet":"max-snippet:-1","max-image-preview":"max-image-preview:large","max-video-preview":"max-video-preview:-1"},"canonical":"https:\/\/www.opendoors.org.za\/afr\/produk\/1226-armband\/","og_locale":"af_ZA","og_type":"article","og_title":"12:26 Armband - Geopende Deure","og_description":"\u201cAs een lid ly, ly al die lede saam; en as een lid ge\u00eber word, is al die lede saam bly\u2026\u201d \u2013 1 Korinti\u00ebrs 12:26 (Nuwe Vertaling)","og_url":"https:\/\/www.opendoors.org.za\/afr\/produk\/1226-armband\/","og_site_name":"Geopende Deure","article_modified_time":"2020-10-16T09:47:19+00:00","og_image":[{"width":1000,"height":1000,"url":"https:\/\/www.opendoors.org.za\/wp-content\/uploads\/2019\/03\/1226_Pink_Green.png","type":"image\/png"}],"twitter_card":"summary_large_image","schema":{"@context":"https:\/\/schema.org","@graph":[{"@type":"WebPage","@id":"https:\/\/www.opendoors.org.za\/afr\/produk\/1226-armband\/","url":"https:\/\/www.opendoors.org.za\/afr\/produk\/1226-armband\/","name":"12:26 Armband - Geopende Deure","isPartOf":{"@id":"https:\/\/www.opendoors.org.za\/afr\/#website"},"primaryImageOfPage":{"@id":"https:\/\/www.opendoors.org.za\/afr\/produk\/1226-armband\/#primaryimage"},"image":{"@id":"https:\/\/www.opendoors.org.za\/afr\/produk\/1226-armband\/#primaryimage"},"thumbnailUrl":"https:\/\/www.opendoors.org.za\/wp-content\/uploads\/2019\/03\/1226_Pink_Green.png","datePublished":"2017-09-22T09:32:59+00:00","dateModified":"2020-10-16T09:47:19+00:00","breadcrumb":{"@id":"https:\/\/www.opendoors.org.za\/afr\/produk\/1226-armband\/#breadcrumb"},"inLanguage":"af-ZA","potentialAction":[{"@type":"ReadAction","target":["https:\/\/www.opendoors.org.za\/afr\/produk\/1226-armband\/"]}]},{"@type":"ImageObject","inLanguage":"af-ZA","@id":"https:\/\/www.opendoors.org.za\/afr\/produk\/1226-armband\/#primaryimage","url":"https:\/\/www.opendoors.org.za\/wp-content\/uploads\/2019\/03\/1226_Pink_Green.png","contentUrl":"https:\/\/www.opendoors.org.za\/wp-content\/uploads\/2019\/03\/1226_Pink_Green.png","width":1000,"height":1000},{"@type":"BreadcrumbList","@id":"https:\/\/www.opendoors.org.za\/afr\/produk\/1226-armband\/#breadcrumb","itemListElement":[{"@type":"ListItem","position":1,"name":"","item":"https:\/\/www.opendoors.org.za\/afr\/"},{"@type":"ListItem","position":2,"name":"Produkte","item":"https:\/\/www.opendoors.org.za\/afr\/shop\/"},{"@type":"ListItem","position":3,"name":"12:26 Armband"}]},{"@type":"WebSite","@id":"https:\/\/www.opendoors.org.za\/afr\/#website","url":"https:\/\/www.opendoors.org.za\/afr\/","name":"Geopende Deure","description":"The world&#039;s largest outreach to persecuted Christians in the most high-risk places.","publisher":{"@id":"https:\/\/www.opendoors.org.za\/afr\/#organization"},"potentialAction":[{"@type":"SearchAction","target":{"@type":"EntryPoint","urlTemplate":"https:\/\/www.opendoors.org.za\/afr\/?s={search_term_string}"},"query-input":{"@type":"PropertyValueSpecification","valueRequired":true,"valueName":"search_term_string"}}],"inLanguage":"af-ZA"},{"@type":"Organization","@id":"https:\/\/www.opendoors.org.za\/afr\/#organization","name":"Geopende Deure","url":"https:\/\/www.opendoors.org.za\/afr\/","logo":{"@type":"ImageObject","inLanguage":"af-ZA","@id":"https:\/\/www.opendoors.org.za\/afr\/#\/schema\/logo\/image\/","url":"https:\/\/www.opendoors.org.za\/wp-content\/uploads\/2023\/08\/Open-Doors-English-2023.png","contentUrl":"https:\/\/www.opendoors.org.za\/wp-content\/uploads\/2023\/08\/Open-Doors-English-2023.png","width":606,"height":76,"caption":"Geopende Deure"},"image":{"@id":"https:\/\/www.opendoors.org.za\/afr\/#\/schema\/logo\/image\/"}}]}},"_links":{"self":[{"href":"https:\/\/www.opendoors.org.za\/afr\/wp-json\/wp\/v2\/product\/2480","targetHints":{"allow":["GET"]}}],"collection":[{"href":"https:\/\/www.opendoors.org.za\/afr\/wp-json\/wp\/v2\/product"}],"about":[{"href":"https:\/\/www.opendoors.org.za\/afr\/wp-json\/wp\/v2\/types\/product"}],"wp:featuredmedia":[{"embeddable":true,"href":"https:\/\/www.opendoors.org.za\/afr\/wp-json\/wp\/v2\/media\/16161"}],"wp:attachment":[{"href":"https:\/\/www.opendoors.org.za\/afr\/wp-json\/wp\/v2\/media?parent=2480"}],"wp:term":[{"taxonomy":"product_brand","embeddable":true,"href":"https:\/\/www.opendoors.org.za\/afr\/wp-json\/wp\/v2\/product_brand?post=2480"},{"taxonomy":"product_cat","embeddable":true,"href":"https:\/\/www.opendoors.org.za\/afr\/wp-json\/wp\/v2\/product_cat?post=2480"},{"taxonomy":"product_tag","embeddable":true,"href":"https:\/\/www.opendoors.org.za\/afr\/wp-json\/wp\/v2\/product_tag?post=2480"}],"curies":[{"name":"wp","href":"https:\/\/api.w.org\/{rel}","templated":true}]}}