{"id":37895,"date":"2023-10-11T15:04:29","date_gmt":"2023-10-11T13:04:29","guid":{"rendered":"https:\/\/www.opendoors.org.za\/?page_id=37895"},"modified":"2024-01-18T08:41:51","modified_gmt":"2024-01-18T06:41:51","slug":"cc23","status":"publish","type":"page","link":"https:\/\/www.opendoors.org.za\/afr\/cc23\/","title":{"rendered":"CC23 &#8211; Christmas Appeal"},"content":{"rendered":"<div class=\"wpb-content-wrapper\">[vc_row][vc_column width=&#8221;5\/6&#8243; offset=&#8221;vc_col-lg-offset-1&#8243;]<div class=\"vcex-spacing wpex-w-100 wpex-clear\"><\/div><figure class=\"vcex-image vcex-module\"><div class=\"vcex-image-inner wpex-relative wpex-inline-block\"><img width=\"1333\" height=\"466\" src=\"https:\/\/www.opendoors.org.za\/wp-content\/uploads\/2023\/10\/Christmas-23_Landing-page-Afr-e1697029300594.jpg\" class=\"vcex-image-img wpex-align-middle\" alt=\"\" loading=\"lazy\" decoding=\"async\" \/><\/div><\/figure>[\/vc_column][\/vc_row][vc_row][vc_column width=&#8221;5\/6&#8243; offset=&#8221;vc_col-lg-offset-1&#8243;]<div class=\"vcex-spacing wpex-w-100 wpex-clear\" style=\"height:20px;\"><\/div>[vc_column_text font_size=&#8221;md&#8221; text_align=&#8221;left&#8221;]\n<p style=\"text-align: center;\">Hierdie veldtog is be\u00ebindig.<\/p>\n<p style=\"text-align: center;\">Dankie aan almal wat hierdie veldtog ondersteun het sodat vervolgde kinders veiliger &#8216;n kinderlewe kan h\u00ea.<\/p>\n<p style=\"text-align: center;\">Indien jy meer inligting wil h\u00ea oor hierdie veldtog of oor die ondersteuning van vervolgde kinders, kontak asseblief ons fondswerwingspan by <a class=\"fui-Link ___1rxvrpe f2hkw1w f3rmtva f1ewtqcl fyind8e f1k6fduh f1w7gpdv fk6fouc fjoy568 figsok6 f1hu3pq6 f11qmguv f19f4twv f1tyq0we f1g0x7ka fhxju0i f1qch9an f1cnd47f fqv5qza f1vmzxwi f1o700av f13mvf36 f1cmlufx f9n3di6 f1ids18y f1tx3yz7 f1deo86v f1eh06m1 f1iescvh fhgqx19 f1olyrje f1p93eir f1nev41a f1h8hb77 f1lqvz6u f10aw75t fsle3fq f17ae5zn\" title=\"mailto:michelleb@od.org\" href=\"mailto:michelleb@od.org\" target=\"_blank\" rel=\"noreferrer noopener\" aria-label=\"Link michelleb@od.org\">michelleb@od.org<\/a>.<\/p>\n<p style=\"text-align: center;\"><strong><span class=\"ui-provider a b c d e f g h i j k l m n o p q r s t u v w x y z ab ac ae af ag ah ai aj ak\" dir=\"ltr\">Sien ons nuutste veldtog <span style=\"text-decoration: underline;\"><a href=\"https:\/\/www.opendoors.org.za\/afr\/wwl2024-veldtog\/\">hier<\/a><\/span>.<\/span><\/strong><\/p>\n[\/vc_column_text][\/vc_column][\/vc_row][vc_row][vc_column][\/vc_column][\/vc_row][vc_row][vc_column][\/vc_column][\/vc_row][vc_row][vc_column][\/vc_column][\/vc_row]\n<\/div>","protected":false},"excerpt":{"rendered":"<p>[vc_row][vc_column width=&#8221;5\/6&#8243; offset=&#8221;vc_col-lg-offset-1&#8243;][\/vc_column][\/vc_row][vc_row][vc_column width=&#8221;5\/6&#8243; offset=&#8221;vc_col-lg-offset-1&#8243;][vc_column_text font_size=&#8221;md&#8221; text_align=&#8221;left&#8221;] Hierdie veldtog is be\u00ebindig. Dankie aan almal wat hierdie veldtog ondersteun het sodat vervolgde kinders veiliger &#8216;n kinderlewe kan h\u00ea. Indien jy meer inligting wil h\u00ea oor hierdie veldtog of oor die ondersteuning van vervolgde kinders, kontak asseblief ons fondswerwingspan by michelleb@od.org. Sien ons nuutste veldtog hier. [\/vc_column_text][\/vc_column][\/vc_row][vc_row][vc_column][\/vc_column][\/vc_row][vc_row][vc_column][\/vc_column][\/vc_row][vc_row][vc_column][\/vc_column][\/vc_row]<\/p>\n","protected":false},"author":260,"featured_media":0,"parent":0,"menu_order":0,"comment_status":"closed","ping_status":"closed","template":"","meta":{"_acf_changed":false,"footnotes":""},"class_list":["post-37895","page","type-page","status-publish","hentry","entry","no-media"],"acf":[],"yoast_head":"<!-- This site is optimized with the Yoast SEO plugin v27.1.1 - https:\/\/yoast.com\/product\/yoast-seo-wordpress\/ -->\n<title>CC23 - Christmas Appeal - Geopende Deure<\/title>\n<meta name=\"robots\" content=\"index, follow, max-snippet:-1, max-image-preview:large, max-video-preview:-1\" \/>\n<link rel=\"canonical\" href=\"https:\/\/www.opendoors.org.za\/afr\/cc23\/\" \/>\n<meta property=\"og:locale\" content=\"af_ZA\" \/>\n<meta property=\"og:type\" content=\"article\" \/>\n<meta property=\"og:title\" content=\"CC23 - Christmas Appeal - Geopende Deure\" \/>\n<meta property=\"og:description\" content=\"[vc_row][vc_column width=&#8221;5\/6&#8243; offset=&#8221;vc_col-lg-offset-1&#8243;][\/vc_column][\/vc_row][vc_row][vc_column width=&#8221;5\/6&#8243; offset=&#8221;vc_col-lg-offset-1&#8243;][vc_column_text font_size=&#8221;md&#8221; text_align=&#8221;left&#8221;] Hierdie veldtog is be\u00ebindig. Dankie aan almal wat hierdie veldtog ondersteun het sodat vervolgde kinders veiliger &#8216;n kinderlewe kan h\u00ea. Indien jy meer inligting wil h\u00ea oor hierdie veldtog of oor die ondersteuning van vervolgde kinders, kontak asseblief ons fondswerwingspan by michelleb@od.org. Sien ons nuutste veldtog hier. [\/vc_column_text][\/vc_column][\/vc_row][vc_row][vc_column][\/vc_column][\/vc_row][vc_row][vc_column][\/vc_column][\/vc_row][vc_row][vc_column][\/vc_column][\/vc_row]\" \/>\n<meta property=\"og:url\" content=\"https:\/\/www.opendoors.org.za\/afr\/cc23\/\" \/>\n<meta property=\"og:site_name\" content=\"Geopende Deure\" \/>\n<meta property=\"article:modified_time\" content=\"2024-01-18T06:41:51+00:00\" \/>\n<meta name=\"twitter:card\" content=\"summary_large_image\" \/>\n<meta name=\"twitter:label1\" content=\"Est. reading time\" \/>\n\t<meta name=\"twitter:data1\" content=\"1 minute\" \/>\n<script type=\"application\/ld+json\" class=\"yoast-schema-graph\">{\"@context\":\"https:\/\/schema.org\",\"@graph\":[{\"@type\":\"WebPage\",\"@id\":\"https:\/\/www.opendoors.org.za\/afr\/cc23\/\",\"url\":\"https:\/\/www.opendoors.org.za\/afr\/cc23\/\",\"name\":\"CC23 - Christmas Appeal - Geopende Deure\",\"isPartOf\":{\"@id\":\"https:\/\/www.opendoors.org.za\/afr\/#website\"},\"datePublished\":\"2023-10-11T13:04:29+00:00\",\"dateModified\":\"2024-01-18T06:41:51+00:00\",\"breadcrumb\":{\"@id\":\"https:\/\/www.opendoors.org.za\/afr\/cc23\/#breadcrumb\"},\"inLanguage\":\"af-ZA\",\"potentialAction\":[{\"@type\":\"ReadAction\",\"target\":[\"https:\/\/www.opendoors.org.za\/afr\/cc23\/\"]}]},{\"@type\":\"BreadcrumbList\",\"@id\":\"https:\/\/www.opendoors.org.za\/afr\/cc23\/#breadcrumb\",\"itemListElement\":[{\"@type\":\"ListItem\",\"position\":1,\"name\":\"\",\"item\":\"https:\/\/www.opendoors.org.za\/afr\/\"},{\"@type\":\"ListItem\",\"position\":2,\"name\":\"CC23 &#8211; Christmas Appeal\"}]},{\"@type\":\"WebSite\",\"@id\":\"https:\/\/www.opendoors.org.za\/afr\/#website\",\"url\":\"https:\/\/www.opendoors.org.za\/afr\/\",\"name\":\"Geopende Deure\",\"description\":\"The world&#039;s largest outreach to persecuted Christians in the most high-risk places.\",\"publisher\":{\"@id\":\"https:\/\/www.opendoors.org.za\/afr\/#organization\"},\"potentialAction\":[{\"@type\":\"SearchAction\",\"target\":{\"@type\":\"EntryPoint\",\"urlTemplate\":\"https:\/\/www.opendoors.org.za\/afr\/?s={search_term_string}\"},\"query-input\":{\"@type\":\"PropertyValueSpecification\",\"valueRequired\":true,\"valueName\":\"search_term_string\"}}],\"inLanguage\":\"af-ZA\"},{\"@type\":\"Organization\",\"@id\":\"https:\/\/www.opendoors.org.za\/afr\/#organization\",\"name\":\"Geopende Deure\",\"url\":\"https:\/\/www.opendoors.org.za\/afr\/\",\"logo\":{\"@type\":\"ImageObject\",\"inLanguage\":\"af-ZA\",\"@id\":\"https:\/\/www.opendoors.org.za\/afr\/#\/schema\/logo\/image\/\",\"url\":\"https:\/\/www.opendoors.org.za\/wp-content\/uploads\/2023\/08\/Open-Doors-English-2023.png\",\"contentUrl\":\"https:\/\/www.opendoors.org.za\/wp-content\/uploads\/2023\/08\/Open-Doors-English-2023.png\",\"width\":606,\"height\":76,\"caption\":\"Geopende Deure\"},\"image\":{\"@id\":\"https:\/\/www.opendoors.org.za\/afr\/#\/schema\/logo\/image\/\"}}]}<\/script>\n<!-- \/ Yoast SEO plugin. -->","yoast_head_json":{"title":"CC23 - Christmas Appeal - Geopende Deure","robots":{"index":"index","follow":"follow","max-snippet":"max-snippet:-1","max-image-preview":"max-image-preview:large","max-video-preview":"max-video-preview:-1"},"canonical":"https:\/\/www.opendoors.org.za\/afr\/cc23\/","og_locale":"af_ZA","og_type":"article","og_title":"CC23 - Christmas Appeal - Geopende Deure","og_description":"[vc_row][vc_column width=&#8221;5\/6&#8243; offset=&#8221;vc_col-lg-offset-1&#8243;][\/vc_column][\/vc_row][vc_row][vc_column width=&#8221;5\/6&#8243; offset=&#8221;vc_col-lg-offset-1&#8243;][vc_column_text font_size=&#8221;md&#8221; text_align=&#8221;left&#8221;] Hierdie veldtog is be\u00ebindig. Dankie aan almal wat hierdie veldtog ondersteun het sodat vervolgde kinders veiliger &#8216;n kinderlewe kan h\u00ea. Indien jy meer inligting wil h\u00ea oor hierdie veldtog of oor die ondersteuning van vervolgde kinders, kontak asseblief ons fondswerwingspan by michelleb@od.org. Sien ons nuutste veldtog hier. [\/vc_column_text][\/vc_column][\/vc_row][vc_row][vc_column][\/vc_column][\/vc_row][vc_row][vc_column][\/vc_column][\/vc_row][vc_row][vc_column][\/vc_column][\/vc_row]","og_url":"https:\/\/www.opendoors.org.za\/afr\/cc23\/","og_site_name":"Geopende Deure","article_modified_time":"2024-01-18T06:41:51+00:00","twitter_card":"summary_large_image","twitter_misc":{"Est. reading time":"1 minute"},"schema":{"@context":"https:\/\/schema.org","@graph":[{"@type":"WebPage","@id":"https:\/\/www.opendoors.org.za\/afr\/cc23\/","url":"https:\/\/www.opendoors.org.za\/afr\/cc23\/","name":"CC23 - Christmas Appeal - Geopende Deure","isPartOf":{"@id":"https:\/\/www.opendoors.org.za\/afr\/#website"},"datePublished":"2023-10-11T13:04:29+00:00","dateModified":"2024-01-18T06:41:51+00:00","breadcrumb":{"@id":"https:\/\/www.opendoors.org.za\/afr\/cc23\/#breadcrumb"},"inLanguage":"af-ZA","potentialAction":[{"@type":"ReadAction","target":["https:\/\/www.opendoors.org.za\/afr\/cc23\/"]}]},{"@type":"BreadcrumbList","@id":"https:\/\/www.opendoors.org.za\/afr\/cc23\/#breadcrumb","itemListElement":[{"@type":"ListItem","position":1,"name":"","item":"https:\/\/www.opendoors.org.za\/afr\/"},{"@type":"ListItem","position":2,"name":"CC23 &#8211; Christmas Appeal"}]},{"@type":"WebSite","@id":"https:\/\/www.opendoors.org.za\/afr\/#website","url":"https:\/\/www.opendoors.org.za\/afr\/","name":"Geopende Deure","description":"The world&#039;s largest outreach to persecuted Christians in the most high-risk places.","publisher":{"@id":"https:\/\/www.opendoors.org.za\/afr\/#organization"},"potentialAction":[{"@type":"SearchAction","target":{"@type":"EntryPoint","urlTemplate":"https:\/\/www.opendoors.org.za\/afr\/?s={search_term_string}"},"query-input":{"@type":"PropertyValueSpecification","valueRequired":true,"valueName":"search_term_string"}}],"inLanguage":"af-ZA"},{"@type":"Organization","@id":"https:\/\/www.opendoors.org.za\/afr\/#organization","name":"Geopende Deure","url":"https:\/\/www.opendoors.org.za\/afr\/","logo":{"@type":"ImageObject","inLanguage":"af-ZA","@id":"https:\/\/www.opendoors.org.za\/afr\/#\/schema\/logo\/image\/","url":"https:\/\/www.opendoors.org.za\/wp-content\/uploads\/2023\/08\/Open-Doors-English-2023.png","contentUrl":"https:\/\/www.opendoors.org.za\/wp-content\/uploads\/2023\/08\/Open-Doors-English-2023.png","width":606,"height":76,"caption":"Geopende Deure"},"image":{"@id":"https:\/\/www.opendoors.org.za\/afr\/#\/schema\/logo\/image\/"}}]}},"_links":{"self":[{"href":"https:\/\/www.opendoors.org.za\/afr\/wp-json\/wp\/v2\/pages\/37895","targetHints":{"allow":["GET"]}}],"collection":[{"href":"https:\/\/www.opendoors.org.za\/afr\/wp-json\/wp\/v2\/pages"}],"about":[{"href":"https:\/\/www.opendoors.org.za\/afr\/wp-json\/wp\/v2\/types\/page"}],"author":[{"embeddable":true,"href":"https:\/\/www.opendoors.org.za\/afr\/wp-json\/wp\/v2\/users\/260"}],"replies":[{"embeddable":true,"href":"https:\/\/www.opendoors.org.za\/afr\/wp-json\/wp\/v2\/comments?post=37895"}],"version-history":[{"count":0,"href":"https:\/\/www.opendoors.org.za\/afr\/wp-json\/wp\/v2\/pages\/37895\/revisions"}],"wp:attachment":[{"href":"https:\/\/www.opendoors.org.za\/afr\/wp-json\/wp\/v2\/media?parent=37895"}],"curies":[{"name":"wp","href":"https:\/\/api.w.org\/{rel}","templated":true}]}}