{"id":36808,"date":"2023-07-24T08:17:34","date_gmt":"2023-07-24T06:17:34","guid":{"rendered":"https:\/\/www.opendoors.org.za\/t4them-do\/"},"modified":"2023-07-24T08:42:31","modified_gmt":"2023-07-24T06:42:31","slug":"t4them-do","status":"publish","type":"page","link":"https:\/\/www.opendoors.org.za\/afr\/t4them-do\/","title":{"rendered":"T4Them Debit order"},"content":{"rendered":"<div class=\"wpb-content-wrapper\">[vc_row][vc_column]<div class=\"vcex-spacing wpex-w-100 wpex-clear\"><\/div><figure class=\"vcex-image vcex-module\"><div class=\"vcex-image-inner wpex-relative wpex-inline-block\"><img width=\"11811\" height=\"2362\" src=\"https:\/\/www.opendoors.org.za\/wp-content\/uploads\/2023\/07\/T4Them_DO-header.png\" class=\"vcex-image-img wpex-align-middle\" alt=\"\" loading=\"lazy\" decoding=\"async\" srcset=\"https:\/\/www.opendoors.org.za\/wp-content\/uploads\/2023\/07\/T4Them_DO-header.png 11811w, https:\/\/www.opendoors.org.za\/wp-content\/uploads\/2023\/07\/T4Them_DO-header-300x60.png 300w, https:\/\/www.opendoors.org.za\/wp-content\/uploads\/2023\/07\/T4Them_DO-header-1024x205.png 1024w, https:\/\/www.opendoors.org.za\/wp-content\/uploads\/2023\/07\/T4Them_DO-header-768x154.png 768w, https:\/\/www.opendoors.org.za\/wp-content\/uploads\/2023\/07\/T4Them_DO-header-1536x307.png 1536w, https:\/\/www.opendoors.org.za\/wp-content\/uploads\/2023\/07\/T4Them_DO-header-2048x410.png 2048w, https:\/\/www.opendoors.org.za\/wp-content\/uploads\/2023\/07\/T4Them_DO-header-600x120.png 600w\" sizes=\"auto, (max-width: 11811px) 100vw, 11811px\" \/><\/div><\/figure><div class=\"vcex-spacing wpex-w-100 wpex-clear\"><\/div>[vc_column_text]\n<p style=\"text-align: center;\">Versterk jou ondersteuning aan ons vervolgde familie, soos Worke, en help Geopende Deure om daar te wees vir ons familie wanneer vervolging toeslaan.<\/p>\n<p style=\"text-align: center;\"><strong>TEKEN \u0149 debietorder van R120 vir drie of ses maande. Skandeer die QR-kode vandag nog hiervoor!*<\/strong><br \/>\n*Om dankie te s\u00ea vir jou belofte, sal jy \u0149 gratis e-boek, Women \u2013 the hidden hinges of God\u2019s Kingdom, ontvang.<\/p>\n[\/vc_column_text]<div class=\"vcex-module vcex-divider vcex-divider-solid wpex-my-5 vcex-divider-center wpex-mx-auto wpex-block wpex-h-0 wpex-border-b wpex-border-solid wpex-border-main\"><\/div>[\/vc_column][\/vc_row][vc_row][vc_column][\/vc_column][\/vc_row]\n<\/div>","protected":false},"excerpt":{"rendered":"<p>[vc_row][vc_column][vc_column_text] Versterk jou ondersteuning aan ons vervolgde familie, soos Worke, en help Geopende Deure om daar te wees vir ons familie wanneer vervolging toeslaan. TEKEN \u0149 debietorder van R120 vir drie of ses maande. Skandeer die QR-kode vandag nog hiervoor!* *Om dankie te s\u00ea vir jou belofte, sal jy \u0149 gratis e-boek, Women \u2013 the&hellip;<\/p>\n","protected":false},"author":260,"featured_media":0,"parent":0,"menu_order":0,"comment_status":"closed","ping_status":"closed","template":"","meta":{"_acf_changed":false,"footnotes":""},"class_list":["post-36808","page","type-page","status-publish","hentry","entry","no-media"],"acf":[],"yoast_head":"<!-- This site is optimized with the Yoast SEO plugin v27.1.1 - https:\/\/yoast.com\/product\/yoast-seo-wordpress\/ -->\n<title>T4Them Debit order - Geopende Deure<\/title>\n<meta name=\"robots\" content=\"index, follow, max-snippet:-1, max-image-preview:large, max-video-preview:-1\" \/>\n<link rel=\"canonical\" href=\"https:\/\/www.opendoors.org.za\/afr\/t4them-do\/\" \/>\n<meta property=\"og:locale\" content=\"af_ZA\" \/>\n<meta property=\"og:type\" content=\"article\" \/>\n<meta property=\"og:title\" content=\"T4Them Debit order - Geopende Deure\" \/>\n<meta property=\"og:description\" content=\"[vc_row][vc_column][vc_column_text] Versterk jou ondersteuning aan ons vervolgde familie, soos Worke, en help Geopende Deure om daar te wees vir ons familie wanneer vervolging toeslaan. TEKEN \u0149 debietorder van R120 vir drie of ses maande. Skandeer die QR-kode vandag nog hiervoor!* *Om dankie te s\u00ea vir jou belofte, sal jy \u0149 gratis e-boek, Women \u2013 the&hellip;\" \/>\n<meta property=\"og:url\" content=\"https:\/\/www.opendoors.org.za\/afr\/t4them-do\/\" \/>\n<meta property=\"og:site_name\" content=\"Geopende Deure\" \/>\n<meta property=\"article:modified_time\" content=\"2023-07-24T06:42:31+00:00\" \/>\n<meta name=\"twitter:card\" content=\"summary_large_image\" \/>\n<meta name=\"twitter:label1\" content=\"Est. reading time\" \/>\n\t<meta name=\"twitter:data1\" content=\"1 minute\" \/>\n<script type=\"application\/ld+json\" class=\"yoast-schema-graph\">{\"@context\":\"https:\/\/schema.org\",\"@graph\":[{\"@type\":\"WebPage\",\"@id\":\"https:\/\/www.opendoors.org.za\/afr\/t4them-do\/\",\"url\":\"https:\/\/www.opendoors.org.za\/afr\/t4them-do\/\",\"name\":\"T4Them Debit order - Geopende Deure\",\"isPartOf\":{\"@id\":\"https:\/\/www.opendoors.org.za\/afr\/#website\"},\"datePublished\":\"2023-07-24T06:17:34+00:00\",\"dateModified\":\"2023-07-24T06:42:31+00:00\",\"breadcrumb\":{\"@id\":\"https:\/\/www.opendoors.org.za\/afr\/t4them-do\/#breadcrumb\"},\"inLanguage\":\"af-ZA\",\"potentialAction\":[{\"@type\":\"ReadAction\",\"target\":[\"https:\/\/www.opendoors.org.za\/afr\/t4them-do\/\"]}]},{\"@type\":\"BreadcrumbList\",\"@id\":\"https:\/\/www.opendoors.org.za\/afr\/t4them-do\/#breadcrumb\",\"itemListElement\":[{\"@type\":\"ListItem\",\"position\":1,\"name\":\"\",\"item\":\"https:\/\/www.opendoors.org.za\/afr\/\"},{\"@type\":\"ListItem\",\"position\":2,\"name\":\"T4Them Debit order\"}]},{\"@type\":\"WebSite\",\"@id\":\"https:\/\/www.opendoors.org.za\/afr\/#website\",\"url\":\"https:\/\/www.opendoors.org.za\/afr\/\",\"name\":\"Geopende Deure\",\"description\":\"The world&#039;s largest outreach to persecuted Christians in the most high-risk places.\",\"publisher\":{\"@id\":\"https:\/\/www.opendoors.org.za\/afr\/#organization\"},\"potentialAction\":[{\"@type\":\"SearchAction\",\"target\":{\"@type\":\"EntryPoint\",\"urlTemplate\":\"https:\/\/www.opendoors.org.za\/afr\/?s={search_term_string}\"},\"query-input\":{\"@type\":\"PropertyValueSpecification\",\"valueRequired\":true,\"valueName\":\"search_term_string\"}}],\"inLanguage\":\"af-ZA\"},{\"@type\":\"Organization\",\"@id\":\"https:\/\/www.opendoors.org.za\/afr\/#organization\",\"name\":\"Geopende Deure\",\"url\":\"https:\/\/www.opendoors.org.za\/afr\/\",\"logo\":{\"@type\":\"ImageObject\",\"inLanguage\":\"af-ZA\",\"@id\":\"https:\/\/www.opendoors.org.za\/afr\/#\/schema\/logo\/image\/\",\"url\":\"https:\/\/www.opendoors.org.za\/wp-content\/uploads\/2023\/08\/Open-Doors-English-2023.png\",\"contentUrl\":\"https:\/\/www.opendoors.org.za\/wp-content\/uploads\/2023\/08\/Open-Doors-English-2023.png\",\"width\":606,\"height\":76,\"caption\":\"Geopende Deure\"},\"image\":{\"@id\":\"https:\/\/www.opendoors.org.za\/afr\/#\/schema\/logo\/image\/\"}}]}<\/script>\n<!-- \/ Yoast SEO plugin. -->","yoast_head_json":{"title":"T4Them Debit order - Geopende Deure","robots":{"index":"index","follow":"follow","max-snippet":"max-snippet:-1","max-image-preview":"max-image-preview:large","max-video-preview":"max-video-preview:-1"},"canonical":"https:\/\/www.opendoors.org.za\/afr\/t4them-do\/","og_locale":"af_ZA","og_type":"article","og_title":"T4Them Debit order - Geopende Deure","og_description":"[vc_row][vc_column][vc_column_text] Versterk jou ondersteuning aan ons vervolgde familie, soos Worke, en help Geopende Deure om daar te wees vir ons familie wanneer vervolging toeslaan. TEKEN \u0149 debietorder van R120 vir drie of ses maande. Skandeer die QR-kode vandag nog hiervoor!* *Om dankie te s\u00ea vir jou belofte, sal jy \u0149 gratis e-boek, Women \u2013 the&hellip;","og_url":"https:\/\/www.opendoors.org.za\/afr\/t4them-do\/","og_site_name":"Geopende Deure","article_modified_time":"2023-07-24T06:42:31+00:00","twitter_card":"summary_large_image","twitter_misc":{"Est. reading time":"1 minute"},"schema":{"@context":"https:\/\/schema.org","@graph":[{"@type":"WebPage","@id":"https:\/\/www.opendoors.org.za\/afr\/t4them-do\/","url":"https:\/\/www.opendoors.org.za\/afr\/t4them-do\/","name":"T4Them Debit order - Geopende Deure","isPartOf":{"@id":"https:\/\/www.opendoors.org.za\/afr\/#website"},"datePublished":"2023-07-24T06:17:34+00:00","dateModified":"2023-07-24T06:42:31+00:00","breadcrumb":{"@id":"https:\/\/www.opendoors.org.za\/afr\/t4them-do\/#breadcrumb"},"inLanguage":"af-ZA","potentialAction":[{"@type":"ReadAction","target":["https:\/\/www.opendoors.org.za\/afr\/t4them-do\/"]}]},{"@type":"BreadcrumbList","@id":"https:\/\/www.opendoors.org.za\/afr\/t4them-do\/#breadcrumb","itemListElement":[{"@type":"ListItem","position":1,"name":"","item":"https:\/\/www.opendoors.org.za\/afr\/"},{"@type":"ListItem","position":2,"name":"T4Them Debit order"}]},{"@type":"WebSite","@id":"https:\/\/www.opendoors.org.za\/afr\/#website","url":"https:\/\/www.opendoors.org.za\/afr\/","name":"Geopende Deure","description":"The world&#039;s largest outreach to persecuted Christians in the most high-risk places.","publisher":{"@id":"https:\/\/www.opendoors.org.za\/afr\/#organization"},"potentialAction":[{"@type":"SearchAction","target":{"@type":"EntryPoint","urlTemplate":"https:\/\/www.opendoors.org.za\/afr\/?s={search_term_string}"},"query-input":{"@type":"PropertyValueSpecification","valueRequired":true,"valueName":"search_term_string"}}],"inLanguage":"af-ZA"},{"@type":"Organization","@id":"https:\/\/www.opendoors.org.za\/afr\/#organization","name":"Geopende Deure","url":"https:\/\/www.opendoors.org.za\/afr\/","logo":{"@type":"ImageObject","inLanguage":"af-ZA","@id":"https:\/\/www.opendoors.org.za\/afr\/#\/schema\/logo\/image\/","url":"https:\/\/www.opendoors.org.za\/wp-content\/uploads\/2023\/08\/Open-Doors-English-2023.png","contentUrl":"https:\/\/www.opendoors.org.za\/wp-content\/uploads\/2023\/08\/Open-Doors-English-2023.png","width":606,"height":76,"caption":"Geopende Deure"},"image":{"@id":"https:\/\/www.opendoors.org.za\/afr\/#\/schema\/logo\/image\/"}}]}},"_links":{"self":[{"href":"https:\/\/www.opendoors.org.za\/afr\/wp-json\/wp\/v2\/pages\/36808","targetHints":{"allow":["GET"]}}],"collection":[{"href":"https:\/\/www.opendoors.org.za\/afr\/wp-json\/wp\/v2\/pages"}],"about":[{"href":"https:\/\/www.opendoors.org.za\/afr\/wp-json\/wp\/v2\/types\/page"}],"author":[{"embeddable":true,"href":"https:\/\/www.opendoors.org.za\/afr\/wp-json\/wp\/v2\/users\/260"}],"replies":[{"embeddable":true,"href":"https:\/\/www.opendoors.org.za\/afr\/wp-json\/wp\/v2\/comments?post=36808"}],"version-history":[{"count":0,"href":"https:\/\/www.opendoors.org.za\/afr\/wp-json\/wp\/v2\/pages\/36808\/revisions"}],"wp:attachment":[{"href":"https:\/\/www.opendoors.org.za\/afr\/wp-json\/wp\/v2\/media?parent=36808"}],"curies":[{"name":"wp","href":"https:\/\/api.w.org\/{rel}","templated":true}]}}