{"id":32791,"date":"2022-06-21T12:17:26","date_gmt":"2022-06-21T10:17:26","guid":{"rendered":"https:\/\/www.opendoors.org.za\/e2206\/"},"modified":"2022-06-22T18:52:41","modified_gmt":"2022-06-22T16:52:41","slug":"e2206","status":"publish","type":"page","link":"https:\/\/www.opendoors.org.za\/afr\/e2206\/","title":{"rendered":"e2206 &#8211; Om Jesus in Sentraal-Asi\u00eb te kies beteken om alles te verloor \u2013 selfs jou familie!"},"content":{"rendered":"<div class=\"wpb-content-wrapper\">[vc_row][vc_column]<div class=\"vcex-spacing wpex-w-100 wpex-clear\"><\/div><style>.vcex-heading.vcex_69f34a1d0d7c3{color:#821a1a;}<\/style><h2 class=\"vcex-heading vcex-heading-plain vcex-module wpex-heading wpex-text-2xl wpex-h2 wpex-text-center vcex_69f34a1d0d7c3\"><span class=\"vcex-heading-inner wpex-inline-block\">Om Jesus in Sentraal-Asi\u00eb te kies beteken om alles te verloor \u2013 selfs jou familie!<\/span><\/h2>[\/vc_column][\/vc_row][vc_row][vc_column][vc_column_text]<em>\u201cIn alles word ons verdruk, maar ons is nie terneergedruk nie; ons is oor raad verle\u00eb, maar nie radeloos nie; ons word vervolg, maar nie deur God verlaat nie, op die grond neergegooi, maar nie vernietig nie.\u201d (2 Kor. 4:8-9)<\/em><\/p>\n<p><img decoding=\"async\" class=\"size-medium wp-image-32800 alignleft\" src=\"https:\/\/www.opendoors.org.za\/wp-content\/uploads\/2022\/06\/GettyImages-1311072955-edit-300x200.jpg\" alt=\"\" width=\"300\" height=\"200\" srcset=\"https:\/\/www.opendoors.org.za\/wp-content\/uploads\/2022\/06\/GettyImages-1311072955-edit-300x200.jpg 300w, https:\/\/www.opendoors.org.za\/wp-content\/uploads\/2022\/06\/GettyImages-1311072955-edit-1024x683.jpg 1024w, https:\/\/www.opendoors.org.za\/wp-content\/uploads\/2022\/06\/GettyImages-1311072955-edit-768x512.jpg 768w, https:\/\/www.opendoors.org.za\/wp-content\/uploads\/2022\/06\/GettyImages-1311072955-edit-1536x1024.jpg 1536w, https:\/\/www.opendoors.org.za\/wp-content\/uploads\/2022\/06\/GettyImages-1311072955-edit-2048x1365.jpg 2048w, https:\/\/www.opendoors.org.za\/wp-content\/uploads\/2022\/06\/GettyImages-1311072955-edit-600x400.jpg 600w\" sizes=\"(max-width: 300px) 100vw, 300px\" \/><\/p>\n<p>Regoor Sentraal-Asi\u00eb kom Moslems tot geloof in Christus en hulle verloor alles oor hul keuse om Jesus te volg.: V\u00e1n lewensmiddele, sekuriteit, kinders se onderwys tot families. Hulle is in alle opsigte verdruk.<\/p>\n<p>Sal jy familie wees vir vervolgde gelowiges in Sentraal-Asi\u00eb* wat van Islam bekeer?<\/p>\n<p>Hulle verduur verwerping, straf, geweld en selfs dood. Hulle eie biologiese families kan dikwels die grootste bedreiging wees. <u>Jy is die familie op wie hierdie gelowiges staatmaak.<\/u><\/p>\n<p><strong>Jou ondersteuning en gebede vandag kan die deur oophou vir die Evangelie in Sentraal-Asi\u00eb.<\/strong><\/p>\n<p><img decoding=\"async\" class=\"size-medium wp-image-32798 alignright\" src=\"https:\/\/www.opendoors.org.za\/wp-content\/uploads\/2022\/06\/Time-of-prayer-and-Bible-study-at-the-training-in-Central-Asia-300x200.jpg\" alt=\"\" width=\"300\" height=\"200\" srcset=\"https:\/\/www.opendoors.org.za\/wp-content\/uploads\/2022\/06\/Time-of-prayer-and-Bible-study-at-the-training-in-Central-Asia-300x200.jpg 300w, https:\/\/www.opendoors.org.za\/wp-content\/uploads\/2022\/06\/Time-of-prayer-and-Bible-study-at-the-training-in-Central-Asia-1024x683.jpg 1024w, https:\/\/www.opendoors.org.za\/wp-content\/uploads\/2022\/06\/Time-of-prayer-and-Bible-study-at-the-training-in-Central-Asia-768x512.jpg 768w, https:\/\/www.opendoors.org.za\/wp-content\/uploads\/2022\/06\/Time-of-prayer-and-Bible-study-at-the-training-in-Central-Asia-1536x1024.jpg 1536w, https:\/\/www.opendoors.org.za\/wp-content\/uploads\/2022\/06\/Time-of-prayer-and-Bible-study-at-the-training-in-Central-Asia-2048x1365.jpg 2048w, https:\/\/www.opendoors.org.za\/wp-content\/uploads\/2022\/06\/Time-of-prayer-and-Bible-study-at-the-training-in-Central-Asia-600x400.jpg 600w\" sizes=\"(max-width: 300px) 100vw, 300px\" \/><\/p>\n<p>D\u00edt is wat Ruslan* doen. Vir 16 jaar verwelkom hierdie kerkleier almal in sy gesinshuis wat op soek is na Jesus. Ook verduur hy die gevolge hiervan\u2026 Elke keer as Ruslan sy huis oopmaak, waag hy om vervolging in te nooi.<\/p>\n<p><em>\u00a0<\/em>Ruslan se huis is oor en oor deur vandale verniel en sy dogter is aangerand. Hy het ook twee waarskuwings van die owerheid gekry om sy bediening te staak.<\/p>\n<p><em>\u00a0<\/em>In Sentraal-Asi\u00eb, plaas gelowiges wat van Islam bekeer hulle lewens in gevaar.<\/p>\n<p>Dit is hoekom dit so belangrik is dat ons, saam, die geloof van Moslem-bekeerlinge versterk, en brawe kerkleiers soos Ruslan en sy familie ondersteun wat vorentoe beur, ten spyte van die gevare.<\/p>\n<p><strong><u>Jy kan vandag gelowiges help om sterk in hul geloof te staan, jy kan help om lewensredende hulp aan ons familie te voorsien wat ly as gevolg van vervolging.<\/u><\/strong><\/p>\n<ul>\n<li><u>Elke R350<\/u> kan help om kritiese hulp aan ge\u00efsoleerde Christen-families te verleen.<\/li>\n<li><u>Elke R800<\/u> kan help om \u0149 opledingseminaar aan te bied vir dapper leiers soos Ruslan sodat hulle kan voortgaan om ander te dien.<\/li>\n<li><u>Elke R3 200<\/u> kan \u0149 ge\u00efsoleerde gelowige in \u0149 nuwe ambag op lei sodat hulle vir hul families kan voorsien.<\/li>\n<\/ul>\n<p><strong>\u00a0<\/strong>Dit is duidelik, vir Ruslan is jy familie. Hy deel: <em>\u201cOns weet dat ons nie alleen is nie, maar deel van \u0149 groot Christen-familie. En wat doen \u0149 familie? <\/em>In die moeilikste oomblikke ondersteun hulle jou.\u201d<\/p>\n<p style=\"text-align: right;\">* Oor sekuriteitsredes kan ons nie deel in watter lande ons in Sentraal-Asi\u00eb werksaam is nie.<\/p>\n<p style=\"text-align: right;\">**Naam verander en verteenwoordigende foto gebruik vir sekuriteitsredes.<\/p>\n[\/vc_column_text][\/vc_column][\/vc_row][vc_row][vc_column]<div class=\"vcex-spacing wpex-w-100 wpex-clear\" style=\"height:20px;\"><\/div>[\/vc_column][\/vc_row]\n<\/div>","protected":false},"excerpt":{"rendered":"<p>[vc_row][vc_column][\/vc_column][\/vc_row][vc_row][vc_column][vc_column_text]\u201cIn alles word ons verdruk, maar ons is nie terneergedruk nie; ons is oor raad verle\u00eb, maar nie radeloos nie; ons word vervolg, maar nie deur God verlaat nie, op die grond neergegooi, maar nie vernietig nie.\u201d (2 Kor. 4:8-9) Regoor Sentraal-Asi\u00eb kom Moslems tot geloof in Christus en hulle verloor alles oor hul keuse&hellip;<\/p>\n","protected":false},"author":260,"featured_media":0,"parent":0,"menu_order":0,"comment_status":"closed","ping_status":"closed","template":"","meta":{"_acf_changed":false,"footnotes":""},"class_list":["post-32791","page","type-page","status-publish","hentry","entry","no-media"],"acf":[],"yoast_head":"<!-- This site is optimized with the Yoast SEO plugin v27.1.1 - https:\/\/yoast.com\/product\/yoast-seo-wordpress\/ -->\n<title>e2206 - Om Jesus in Sentraal-Asi\u00eb te kies beteken om alles te verloor \u2013 selfs jou familie! - Geopende Deure<\/title>\n<meta name=\"robots\" content=\"index, follow, max-snippet:-1, max-image-preview:large, max-video-preview:-1\" \/>\n<link rel=\"canonical\" href=\"https:\/\/www.opendoors.org.za\/afr\/e2206\/\" \/>\n<meta property=\"og:locale\" content=\"af_ZA\" \/>\n<meta property=\"og:type\" content=\"article\" \/>\n<meta property=\"og:title\" content=\"e2206 - Om Jesus in Sentraal-Asi\u00eb te kies beteken om alles te verloor \u2013 selfs jou familie! - Geopende Deure\" \/>\n<meta property=\"og:description\" content=\"[vc_row][vc_column][\/vc_column][\/vc_row][vc_row][vc_column][vc_column_text]\u201cIn alles word ons verdruk, maar ons is nie terneergedruk nie; ons is oor raad verle\u00eb, maar nie radeloos nie; ons word vervolg, maar nie deur God verlaat nie, op die grond neergegooi, maar nie vernietig nie.\u201d (2 Kor. 4:8-9) Regoor Sentraal-Asi\u00eb kom Moslems tot geloof in Christus en hulle verloor alles oor hul keuse&hellip;\" \/>\n<meta property=\"og:url\" content=\"https:\/\/www.opendoors.org.za\/afr\/e2206\/\" \/>\n<meta property=\"og:site_name\" content=\"Geopende Deure\" \/>\n<meta property=\"article:modified_time\" content=\"2022-06-22T16:52:41+00:00\" \/>\n<meta property=\"og:image\" content=\"https:\/\/www.opendoors.org.za\/wp-content\/uploads\/2022\/06\/GettyImages-1311072955-edit-300x200.jpg\" \/>\n<meta name=\"twitter:card\" content=\"summary_large_image\" \/>\n<meta name=\"twitter:label1\" content=\"Est. reading time\" \/>\n\t<meta name=\"twitter:data1\" content=\"3 minutes\" \/>\n<script type=\"application\/ld+json\" class=\"yoast-schema-graph\">{\"@context\":\"https:\/\/schema.org\",\"@graph\":[{\"@type\":\"WebPage\",\"@id\":\"https:\/\/www.opendoors.org.za\/afr\/e2206\/\",\"url\":\"https:\/\/www.opendoors.org.za\/afr\/e2206\/\",\"name\":\"e2206 - Om Jesus in Sentraal-Asi\u00eb te kies beteken om alles te verloor \u2013 selfs jou familie! - Geopende Deure\",\"isPartOf\":{\"@id\":\"https:\/\/www.opendoors.org.za\/afr\/#website\"},\"primaryImageOfPage\":{\"@id\":\"https:\/\/www.opendoors.org.za\/afr\/e2206\/#primaryimage\"},\"image\":{\"@id\":\"https:\/\/www.opendoors.org.za\/afr\/e2206\/#primaryimage\"},\"thumbnailUrl\":\"https:\/\/www.opendoors.org.za\/wp-content\/uploads\/2022\/06\/GettyImages-1311072955-edit-300x200.jpg\",\"datePublished\":\"2022-06-21T10:17:26+00:00\",\"dateModified\":\"2022-06-22T16:52:41+00:00\",\"breadcrumb\":{\"@id\":\"https:\/\/www.opendoors.org.za\/afr\/e2206\/#breadcrumb\"},\"inLanguage\":\"af-ZA\",\"potentialAction\":[{\"@type\":\"ReadAction\",\"target\":[\"https:\/\/www.opendoors.org.za\/afr\/e2206\/\"]}]},{\"@type\":\"ImageObject\",\"inLanguage\":\"af-ZA\",\"@id\":\"https:\/\/www.opendoors.org.za\/afr\/e2206\/#primaryimage\",\"url\":\"https:\/\/www.opendoors.org.za\/wp-content\/uploads\/2022\/06\/GettyImages-1311072955-edit-300x200.jpg\",\"contentUrl\":\"https:\/\/www.opendoors.org.za\/wp-content\/uploads\/2022\/06\/GettyImages-1311072955-edit-300x200.jpg\"},{\"@type\":\"BreadcrumbList\",\"@id\":\"https:\/\/www.opendoors.org.za\/afr\/e2206\/#breadcrumb\",\"itemListElement\":[{\"@type\":\"ListItem\",\"position\":1,\"name\":\"\",\"item\":\"https:\/\/www.opendoors.org.za\/afr\/\"},{\"@type\":\"ListItem\",\"position\":2,\"name\":\"e2206 &#8211; Om Jesus in Sentraal-Asi\u00eb te kies beteken om alles te verloor \u2013 selfs jou familie!\"}]},{\"@type\":\"WebSite\",\"@id\":\"https:\/\/www.opendoors.org.za\/afr\/#website\",\"url\":\"https:\/\/www.opendoors.org.za\/afr\/\",\"name\":\"Geopende Deure\",\"description\":\"The world&#039;s largest outreach to persecuted Christians in the most high-risk places.\",\"publisher\":{\"@id\":\"https:\/\/www.opendoors.org.za\/afr\/#organization\"},\"potentialAction\":[{\"@type\":\"SearchAction\",\"target\":{\"@type\":\"EntryPoint\",\"urlTemplate\":\"https:\/\/www.opendoors.org.za\/afr\/?s={search_term_string}\"},\"query-input\":{\"@type\":\"PropertyValueSpecification\",\"valueRequired\":true,\"valueName\":\"search_term_string\"}}],\"inLanguage\":\"af-ZA\"},{\"@type\":\"Organization\",\"@id\":\"https:\/\/www.opendoors.org.za\/afr\/#organization\",\"name\":\"Geopende Deure\",\"url\":\"https:\/\/www.opendoors.org.za\/afr\/\",\"logo\":{\"@type\":\"ImageObject\",\"inLanguage\":\"af-ZA\",\"@id\":\"https:\/\/www.opendoors.org.za\/afr\/#\/schema\/logo\/image\/\",\"url\":\"https:\/\/www.opendoors.org.za\/wp-content\/uploads\/2023\/08\/Open-Doors-English-2023.png\",\"contentUrl\":\"https:\/\/www.opendoors.org.za\/wp-content\/uploads\/2023\/08\/Open-Doors-English-2023.png\",\"width\":606,\"height\":76,\"caption\":\"Geopende Deure\"},\"image\":{\"@id\":\"https:\/\/www.opendoors.org.za\/afr\/#\/schema\/logo\/image\/\"}}]}<\/script>\n<!-- \/ Yoast SEO plugin. -->","yoast_head_json":{"title":"e2206 - Om Jesus in Sentraal-Asi\u00eb te kies beteken om alles te verloor \u2013 selfs jou familie! - Geopende Deure","robots":{"index":"index","follow":"follow","max-snippet":"max-snippet:-1","max-image-preview":"max-image-preview:large","max-video-preview":"max-video-preview:-1"},"canonical":"https:\/\/www.opendoors.org.za\/afr\/e2206\/","og_locale":"af_ZA","og_type":"article","og_title":"e2206 - Om Jesus in Sentraal-Asi\u00eb te kies beteken om alles te verloor \u2013 selfs jou familie! - Geopende Deure","og_description":"[vc_row][vc_column][\/vc_column][\/vc_row][vc_row][vc_column][vc_column_text]\u201cIn alles word ons verdruk, maar ons is nie terneergedruk nie; ons is oor raad verle\u00eb, maar nie radeloos nie; ons word vervolg, maar nie deur God verlaat nie, op die grond neergegooi, maar nie vernietig nie.\u201d (2 Kor. 4:8-9) Regoor Sentraal-Asi\u00eb kom Moslems tot geloof in Christus en hulle verloor alles oor hul keuse&hellip;","og_url":"https:\/\/www.opendoors.org.za\/afr\/e2206\/","og_site_name":"Geopende Deure","article_modified_time":"2022-06-22T16:52:41+00:00","og_image":[{"url":"https:\/\/www.opendoors.org.za\/wp-content\/uploads\/2022\/06\/GettyImages-1311072955-edit-300x200.jpg","type":"","width":"","height":""}],"twitter_card":"summary_large_image","twitter_misc":{"Est. reading time":"3 minutes"},"schema":{"@context":"https:\/\/schema.org","@graph":[{"@type":"WebPage","@id":"https:\/\/www.opendoors.org.za\/afr\/e2206\/","url":"https:\/\/www.opendoors.org.za\/afr\/e2206\/","name":"e2206 - Om Jesus in Sentraal-Asi\u00eb te kies beteken om alles te verloor \u2013 selfs jou familie! - Geopende Deure","isPartOf":{"@id":"https:\/\/www.opendoors.org.za\/afr\/#website"},"primaryImageOfPage":{"@id":"https:\/\/www.opendoors.org.za\/afr\/e2206\/#primaryimage"},"image":{"@id":"https:\/\/www.opendoors.org.za\/afr\/e2206\/#primaryimage"},"thumbnailUrl":"https:\/\/www.opendoors.org.za\/wp-content\/uploads\/2022\/06\/GettyImages-1311072955-edit-300x200.jpg","datePublished":"2022-06-21T10:17:26+00:00","dateModified":"2022-06-22T16:52:41+00:00","breadcrumb":{"@id":"https:\/\/www.opendoors.org.za\/afr\/e2206\/#breadcrumb"},"inLanguage":"af-ZA","potentialAction":[{"@type":"ReadAction","target":["https:\/\/www.opendoors.org.za\/afr\/e2206\/"]}]},{"@type":"ImageObject","inLanguage":"af-ZA","@id":"https:\/\/www.opendoors.org.za\/afr\/e2206\/#primaryimage","url":"https:\/\/www.opendoors.org.za\/wp-content\/uploads\/2022\/06\/GettyImages-1311072955-edit-300x200.jpg","contentUrl":"https:\/\/www.opendoors.org.za\/wp-content\/uploads\/2022\/06\/GettyImages-1311072955-edit-300x200.jpg"},{"@type":"BreadcrumbList","@id":"https:\/\/www.opendoors.org.za\/afr\/e2206\/#breadcrumb","itemListElement":[{"@type":"ListItem","position":1,"name":"","item":"https:\/\/www.opendoors.org.za\/afr\/"},{"@type":"ListItem","position":2,"name":"e2206 &#8211; Om Jesus in Sentraal-Asi\u00eb te kies beteken om alles te verloor \u2013 selfs jou familie!"}]},{"@type":"WebSite","@id":"https:\/\/www.opendoors.org.za\/afr\/#website","url":"https:\/\/www.opendoors.org.za\/afr\/","name":"Geopende Deure","description":"The world&#039;s largest outreach to persecuted Christians in the most high-risk places.","publisher":{"@id":"https:\/\/www.opendoors.org.za\/afr\/#organization"},"potentialAction":[{"@type":"SearchAction","target":{"@type":"EntryPoint","urlTemplate":"https:\/\/www.opendoors.org.za\/afr\/?s={search_term_string}"},"query-input":{"@type":"PropertyValueSpecification","valueRequired":true,"valueName":"search_term_string"}}],"inLanguage":"af-ZA"},{"@type":"Organization","@id":"https:\/\/www.opendoors.org.za\/afr\/#organization","name":"Geopende Deure","url":"https:\/\/www.opendoors.org.za\/afr\/","logo":{"@type":"ImageObject","inLanguage":"af-ZA","@id":"https:\/\/www.opendoors.org.za\/afr\/#\/schema\/logo\/image\/","url":"https:\/\/www.opendoors.org.za\/wp-content\/uploads\/2023\/08\/Open-Doors-English-2023.png","contentUrl":"https:\/\/www.opendoors.org.za\/wp-content\/uploads\/2023\/08\/Open-Doors-English-2023.png","width":606,"height":76,"caption":"Geopende Deure"},"image":{"@id":"https:\/\/www.opendoors.org.za\/afr\/#\/schema\/logo\/image\/"}}]}},"_links":{"self":[{"href":"https:\/\/www.opendoors.org.za\/afr\/wp-json\/wp\/v2\/pages\/32791","targetHints":{"allow":["GET"]}}],"collection":[{"href":"https:\/\/www.opendoors.org.za\/afr\/wp-json\/wp\/v2\/pages"}],"about":[{"href":"https:\/\/www.opendoors.org.za\/afr\/wp-json\/wp\/v2\/types\/page"}],"author":[{"embeddable":true,"href":"https:\/\/www.opendoors.org.za\/afr\/wp-json\/wp\/v2\/users\/260"}],"replies":[{"embeddable":true,"href":"https:\/\/www.opendoors.org.za\/afr\/wp-json\/wp\/v2\/comments?post=32791"}],"version-history":[{"count":0,"href":"https:\/\/www.opendoors.org.za\/afr\/wp-json\/wp\/v2\/pages\/32791\/revisions"}],"wp:attachment":[{"href":"https:\/\/www.opendoors.org.za\/afr\/wp-json\/wp\/v2\/media?parent=32791"}],"curies":[{"name":"wp","href":"https:\/\/api.w.org\/{rel}","templated":true}]}}