{"id":32628,"date":"2022-06-06T08:31:06","date_gmt":"2022-06-06T06:31:06","guid":{"rendered":"https:\/\/www.opendoors.org.za\/newsflash_lp306\/"},"modified":"2022-06-07T12:01:34","modified_gmt":"2022-06-07T10:01:34","slug":"nuusflits_lp306","status":"publish","type":"page","link":"https:\/\/www.opendoors.org.za\/afr\/nuusflits_lp306\/","title":{"rendered":"Nuusflits_LP306_Nuus 2022"},"content":{"rendered":"<div class=\"wpb-content-wrapper\">[vc_row][vc_column width=&#8221;5\/6&#8243; offset=&#8221;vc_col-lg-offset-1&#8243;][vc_single_image image=&#8221;31662&#8243; alignment=&#8221;center&#8221; style=&#8221;vc_box_shadow_3d&#8221;]<div class=\"vcex-spacing wpex-w-100 wpex-clear\"><\/div>[vc_column_text]\n<h3><strong>Uitslae van algemene verkiesing bring verdeeldheid | Suidelike Filippyne \u00a0<\/strong><\/h3>\n<p>Op 9 Mei het die algemene verkiesing in die Filippyne plaasgevind. Die dag voor die verkiesing het \u0149 gespannendheid geheers en daar was gerugte dat iets gaan gebeur.<\/p>\n<p>Ongelukkig is ses mense op verkiesingsdag dood en talle beseer tydens 16 verskillende kiesverwante voorvalle in die Suidelike Filippyne. Dit het die steel van stembusse, gewapende konflik tussen politieke teenstanders, skietvoorvalle en ontploffings ingesluit.<\/p>\n<p>Toe die uitslae die volgende dag bekendgemaak word, was baie mense ooglopend teleurgesteld. \u0149 Groep saamtrekkers het buite die Filippynse verkiesingskommissie byeengekom om hul ontevredenheid uit te spreek oor die uitslae van die presidensi\u00eble en vise-presidente stemme.<\/p>\n<p><strong>Bid<\/strong> vir die nuwe Filippynse regering, die lede wat die landsburgers sal verteenwoordig en dat die eenheid in die Liggaam van Christus mag voorgaan, afgesien van verskillende politieke uitkyke<\/p>\n<p>&nbsp;<\/p>\n<h3><strong>\u0149 Dag van geweld tussen pro- en teenregeringsgroepe | Sri Lanka<\/strong><\/h3>\n<p>In Meimaand is Eerste Minister, Mahinda Rajapaksa, gedwing om te bedank nadat vyf mense gesterf het tydens gewelddadige konflikte, insluitend \u0149 lid van die regerende party.<\/p>\n<p>Op die 9de Mei, het geweld uitgebreek toe ondersteuners van die regerende party vreedsame betogers in die hoofstad aangeval het met stokke en knuppels. Dit het plaasgevind na weke se vreedsame protesaksies teen die regering. Huise, karre, busse en trokke wat aan ondersteuners behoort is aan die brand gesteek, terwyl vroue, priesters en burgerlikes deur woedende bendes aangerand is. Na die geweld is \u0149 7-dag landswye aandklokre\u00ebl ingestel in Sri Lanka.<\/p>\n<p><strong>Bid<\/strong> dat die gees van geweld in Sri Lanka sal afneem en dat regverdige en wyse leier aangestel sal word en Sri Lanka uit \u0149 ekonomiese krisis se lei.<\/p>\n<p>&nbsp;<\/p>\n<h3><strong>Jong Christelike vroue student wreed vermoor | Nigeri\u00eb<\/strong><\/h3>\n<p>Op die 12de Mei, is Deborah Samuel Yakubu, \u0149 Huishoudkundestudent en Christen, wreed aangeval en vermoor deur \u0149 groep manlike Moslemstudente by die Shehu Shagari College of Education in Wamako, Sokoto State, Nigeri\u00eb. Sy het na bewering reageer op \u0149 godsdienstige (Islamitiese) inskrywing op \u0149 skoolgroep wat slegs vir akademiese kwessies bedoel is.<\/p>\n<p>Daar word beweer dat \u0149 lasterlike woord gebruik het in haar stemnota. \u0149 Bron het egter aan Geopende Deur vertel dat sy ges\u00ea het Jesus wonderlik is en dat Hy haar deur haar eksamens gehelp het, wat aanstoot gegee het vir die studente. Ons kon tot dusver nog nie hierdie bewering bevestig nie.<\/p>\n<p>Die aanval het geweldige onrus veroorsaak, wat tot gevolg gehad het dat die kollege sluit en studente aanges\u00ea is om die kampus te ontruim. Ons is in die proses om meer besonderhede te bekom en sal \u0149 opgeteerde verslag stuur sodra dit beskikbaar is.<\/p>\n<p>Bid dat God Deborah se familie en vriende sal vertroos in hul tyd van rou en dat God Christene \u00a0sal beskerm. Soortgelyke gevalle het in die verlede al uitbarstings van geweld veroorsaak.<\/p>\n<p style=\"text-align: right;\">.<\/p>\n[\/vc_column_text][\/vc_column][\/vc_row][vc_row full_width=&#8221;stretch_row&#8221; css=&#8221;.vc_custom_1646803929262{background-color: #e2e2e2 !important;}&#8221;][vc_column][\/vc_column][\/vc_row]\n<\/div>","protected":false},"excerpt":{"rendered":"<p>[vc_row][vc_column width=&#8221;5\/6&#8243; offset=&#8221;vc_col-lg-offset-1&#8243;][vc_single_image image=&#8221;31662&#8243; alignment=&#8221;center&#8221; style=&#8221;vc_box_shadow_3d&#8221;][vc_column_text] Uitslae van algemene verkiesing bring verdeeldheid | Suidelike Filippyne \u00a0 Op 9 Mei het die algemene verkiesing in die Filippyne plaasgevind. Die dag voor die verkiesing het \u0149 gespannendheid geheers en daar was gerugte dat iets gaan gebeur. Ongelukkig is ses mense op verkiesingsdag dood en talle beseer tydens&hellip;<\/p>\n","protected":false},"author":260,"featured_media":0,"parent":0,"menu_order":0,"comment_status":"closed","ping_status":"closed","template":"","meta":{"_acf_changed":false,"footnotes":""},"class_list":["post-32628","page","type-page","status-publish","hentry","entry","no-media"],"acf":[],"yoast_head":"<!-- This site is optimized with the Yoast SEO plugin v27.1.1 - https:\/\/yoast.com\/product\/yoast-seo-wordpress\/ -->\n<title>Nuusflits_LP306_Nuus 2022 - Geopende Deure<\/title>\n<meta name=\"robots\" content=\"index, follow, max-snippet:-1, max-image-preview:large, max-video-preview:-1\" \/>\n<link rel=\"canonical\" href=\"https:\/\/www.opendoors.org.za\/afr\/nuusflits_lp306\/\" \/>\n<meta property=\"og:locale\" content=\"af_ZA\" \/>\n<meta property=\"og:type\" content=\"article\" \/>\n<meta property=\"og:title\" content=\"Nuusflits_LP306_Nuus 2022 - Geopende Deure\" \/>\n<meta property=\"og:description\" content=\"[vc_row][vc_column width=&#8221;5\/6&#8243; offset=&#8221;vc_col-lg-offset-1&#8243;][vc_single_image image=&#8221;31662&#8243; alignment=&#8221;center&#8221; style=&#8221;vc_box_shadow_3d&#8221;][vc_column_text] Uitslae van algemene verkiesing bring verdeeldheid | Suidelike Filippyne \u00a0 Op 9 Mei het die algemene verkiesing in die Filippyne plaasgevind. Die dag voor die verkiesing het \u0149 gespannendheid geheers en daar was gerugte dat iets gaan gebeur. Ongelukkig is ses mense op verkiesingsdag dood en talle beseer tydens&hellip;\" \/>\n<meta property=\"og:url\" content=\"https:\/\/www.opendoors.org.za\/afr\/nuusflits_lp306\/\" \/>\n<meta property=\"og:site_name\" content=\"Geopende Deure\" \/>\n<meta property=\"article:modified_time\" content=\"2022-06-07T10:01:34+00:00\" \/>\n<meta name=\"twitter:card\" content=\"summary_large_image\" \/>\n<meta name=\"twitter:label1\" content=\"Est. reading time\" \/>\n\t<meta name=\"twitter:data1\" content=\"3 minutes\" \/>\n<script type=\"application\/ld+json\" class=\"yoast-schema-graph\">{\"@context\":\"https:\/\/schema.org\",\"@graph\":[{\"@type\":\"WebPage\",\"@id\":\"https:\/\/www.opendoors.org.za\/afr\/nuusflits_lp306\/\",\"url\":\"https:\/\/www.opendoors.org.za\/afr\/nuusflits_lp306\/\",\"name\":\"Nuusflits_LP306_Nuus 2022 - Geopende Deure\",\"isPartOf\":{\"@id\":\"https:\/\/www.opendoors.org.za\/afr\/#website\"},\"datePublished\":\"2022-06-06T06:31:06+00:00\",\"dateModified\":\"2022-06-07T10:01:34+00:00\",\"breadcrumb\":{\"@id\":\"https:\/\/www.opendoors.org.za\/afr\/nuusflits_lp306\/#breadcrumb\"},\"inLanguage\":\"af-ZA\",\"potentialAction\":[{\"@type\":\"ReadAction\",\"target\":[\"https:\/\/www.opendoors.org.za\/afr\/nuusflits_lp306\/\"]}]},{\"@type\":\"BreadcrumbList\",\"@id\":\"https:\/\/www.opendoors.org.za\/afr\/nuusflits_lp306\/#breadcrumb\",\"itemListElement\":[{\"@type\":\"ListItem\",\"position\":1,\"name\":\"\",\"item\":\"https:\/\/www.opendoors.org.za\/afr\/\"},{\"@type\":\"ListItem\",\"position\":2,\"name\":\"Nuusflits_LP306_Nuus 2022\"}]},{\"@type\":\"WebSite\",\"@id\":\"https:\/\/www.opendoors.org.za\/afr\/#website\",\"url\":\"https:\/\/www.opendoors.org.za\/afr\/\",\"name\":\"Geopende Deure\",\"description\":\"The world&#039;s largest outreach to persecuted Christians in the most high-risk places.\",\"publisher\":{\"@id\":\"https:\/\/www.opendoors.org.za\/afr\/#organization\"},\"potentialAction\":[{\"@type\":\"SearchAction\",\"target\":{\"@type\":\"EntryPoint\",\"urlTemplate\":\"https:\/\/www.opendoors.org.za\/afr\/?s={search_term_string}\"},\"query-input\":{\"@type\":\"PropertyValueSpecification\",\"valueRequired\":true,\"valueName\":\"search_term_string\"}}],\"inLanguage\":\"af-ZA\"},{\"@type\":\"Organization\",\"@id\":\"https:\/\/www.opendoors.org.za\/afr\/#organization\",\"name\":\"Geopende Deure\",\"url\":\"https:\/\/www.opendoors.org.za\/afr\/\",\"logo\":{\"@type\":\"ImageObject\",\"inLanguage\":\"af-ZA\",\"@id\":\"https:\/\/www.opendoors.org.za\/afr\/#\/schema\/logo\/image\/\",\"url\":\"https:\/\/www.opendoors.org.za\/wp-content\/uploads\/2023\/08\/Open-Doors-English-2023.png\",\"contentUrl\":\"https:\/\/www.opendoors.org.za\/wp-content\/uploads\/2023\/08\/Open-Doors-English-2023.png\",\"width\":606,\"height\":76,\"caption\":\"Geopende Deure\"},\"image\":{\"@id\":\"https:\/\/www.opendoors.org.za\/afr\/#\/schema\/logo\/image\/\"}}]}<\/script>\n<!-- \/ Yoast SEO plugin. -->","yoast_head_json":{"title":"Nuusflits_LP306_Nuus 2022 - Geopende Deure","robots":{"index":"index","follow":"follow","max-snippet":"max-snippet:-1","max-image-preview":"max-image-preview:large","max-video-preview":"max-video-preview:-1"},"canonical":"https:\/\/www.opendoors.org.za\/afr\/nuusflits_lp306\/","og_locale":"af_ZA","og_type":"article","og_title":"Nuusflits_LP306_Nuus 2022 - Geopende Deure","og_description":"[vc_row][vc_column width=&#8221;5\/6&#8243; offset=&#8221;vc_col-lg-offset-1&#8243;][vc_single_image image=&#8221;31662&#8243; alignment=&#8221;center&#8221; style=&#8221;vc_box_shadow_3d&#8221;][vc_column_text] Uitslae van algemene verkiesing bring verdeeldheid | Suidelike Filippyne \u00a0 Op 9 Mei het die algemene verkiesing in die Filippyne plaasgevind. Die dag voor die verkiesing het \u0149 gespannendheid geheers en daar was gerugte dat iets gaan gebeur. Ongelukkig is ses mense op verkiesingsdag dood en talle beseer tydens&hellip;","og_url":"https:\/\/www.opendoors.org.za\/afr\/nuusflits_lp306\/","og_site_name":"Geopende Deure","article_modified_time":"2022-06-07T10:01:34+00:00","twitter_card":"summary_large_image","twitter_misc":{"Est. reading time":"3 minutes"},"schema":{"@context":"https:\/\/schema.org","@graph":[{"@type":"WebPage","@id":"https:\/\/www.opendoors.org.za\/afr\/nuusflits_lp306\/","url":"https:\/\/www.opendoors.org.za\/afr\/nuusflits_lp306\/","name":"Nuusflits_LP306_Nuus 2022 - Geopende Deure","isPartOf":{"@id":"https:\/\/www.opendoors.org.za\/afr\/#website"},"datePublished":"2022-06-06T06:31:06+00:00","dateModified":"2022-06-07T10:01:34+00:00","breadcrumb":{"@id":"https:\/\/www.opendoors.org.za\/afr\/nuusflits_lp306\/#breadcrumb"},"inLanguage":"af-ZA","potentialAction":[{"@type":"ReadAction","target":["https:\/\/www.opendoors.org.za\/afr\/nuusflits_lp306\/"]}]},{"@type":"BreadcrumbList","@id":"https:\/\/www.opendoors.org.za\/afr\/nuusflits_lp306\/#breadcrumb","itemListElement":[{"@type":"ListItem","position":1,"name":"","item":"https:\/\/www.opendoors.org.za\/afr\/"},{"@type":"ListItem","position":2,"name":"Nuusflits_LP306_Nuus 2022"}]},{"@type":"WebSite","@id":"https:\/\/www.opendoors.org.za\/afr\/#website","url":"https:\/\/www.opendoors.org.za\/afr\/","name":"Geopende Deure","description":"The world&#039;s largest outreach to persecuted Christians in the most high-risk places.","publisher":{"@id":"https:\/\/www.opendoors.org.za\/afr\/#organization"},"potentialAction":[{"@type":"SearchAction","target":{"@type":"EntryPoint","urlTemplate":"https:\/\/www.opendoors.org.za\/afr\/?s={search_term_string}"},"query-input":{"@type":"PropertyValueSpecification","valueRequired":true,"valueName":"search_term_string"}}],"inLanguage":"af-ZA"},{"@type":"Organization","@id":"https:\/\/www.opendoors.org.za\/afr\/#organization","name":"Geopende Deure","url":"https:\/\/www.opendoors.org.za\/afr\/","logo":{"@type":"ImageObject","inLanguage":"af-ZA","@id":"https:\/\/www.opendoors.org.za\/afr\/#\/schema\/logo\/image\/","url":"https:\/\/www.opendoors.org.za\/wp-content\/uploads\/2023\/08\/Open-Doors-English-2023.png","contentUrl":"https:\/\/www.opendoors.org.za\/wp-content\/uploads\/2023\/08\/Open-Doors-English-2023.png","width":606,"height":76,"caption":"Geopende Deure"},"image":{"@id":"https:\/\/www.opendoors.org.za\/afr\/#\/schema\/logo\/image\/"}}]}},"_links":{"self":[{"href":"https:\/\/www.opendoors.org.za\/afr\/wp-json\/wp\/v2\/pages\/32628","targetHints":{"allow":["GET"]}}],"collection":[{"href":"https:\/\/www.opendoors.org.za\/afr\/wp-json\/wp\/v2\/pages"}],"about":[{"href":"https:\/\/www.opendoors.org.za\/afr\/wp-json\/wp\/v2\/types\/page"}],"author":[{"embeddable":true,"href":"https:\/\/www.opendoors.org.za\/afr\/wp-json\/wp\/v2\/users\/260"}],"replies":[{"embeddable":true,"href":"https:\/\/www.opendoors.org.za\/afr\/wp-json\/wp\/v2\/comments?post=32628"}],"version-history":[{"count":0,"href":"https:\/\/www.opendoors.org.za\/afr\/wp-json\/wp\/v2\/pages\/32628\/revisions"}],"wp:attachment":[{"href":"https:\/\/www.opendoors.org.za\/afr\/wp-json\/wp\/v2\/media?parent=32628"}],"curies":[{"name":"wp","href":"https:\/\/api.w.org\/{rel}","templated":true}]}}