{"id":32167,"date":"2022-04-19T08:39:44","date_gmt":"2022-04-19T06:39:44","guid":{"rendered":"https:\/\/www.opendoors.org.za\/e2204\/"},"modified":"2022-04-25T12:27:45","modified_gmt":"2022-04-25T10:27:45","slug":"e2204","status":"publish","type":"page","link":"https:\/\/www.opendoors.org.za\/afr\/e2204\/","title":{"rendered":"e2204 &#8211; Jy kan gelowiges in Oos-Afrika help op hul geloofsreis"},"content":{"rendered":"<div class=\"wpb-content-wrapper\">[vc_row][vc_column]<div class=\"vcex-spacing wpex-w-100 wpex-clear\"><\/div><style>.vcex-heading.vcex_69d84d028a974{color:#821a1a;}<\/style><h2 class=\"vcex-heading vcex-heading-plain vcex-module wpex-heading wpex-text-2xl wpex-h2 wpex-text-center vcex_69d84d028a974\"><span class=\"vcex-heading-inner wpex-inline-block\">Jy kan vandag gelowiges in Oos-Afrika help op hul geloofsreis<\/span><\/h2>[\/vc_column][\/vc_row][vc_row][vc_column][vc_column_text]\n<p><img decoding=\"async\" class=\"alignleft wp-image-32224\" src=\"https:\/\/www.opendoors.org.za\/wp-content\/uploads\/2022\/04\/Portrait-of-Nala-1024x576.jpg\" alt=\"\" width=\"500\" height=\"281\" srcset=\"https:\/\/www.opendoors.org.za\/wp-content\/uploads\/2022\/04\/Portrait-of-Nala-1024x576.jpg 1024w, https:\/\/www.opendoors.org.za\/wp-content\/uploads\/2022\/04\/Portrait-of-Nala-300x169.jpg 300w, https:\/\/www.opendoors.org.za\/wp-content\/uploads\/2022\/04\/Portrait-of-Nala-768x432.jpg 768w, https:\/\/www.opendoors.org.za\/wp-content\/uploads\/2022\/04\/Portrait-of-Nala-1536x864.jpg 1536w, https:\/\/www.opendoors.org.za\/wp-content\/uploads\/2022\/04\/Portrait-of-Nala-600x338.jpg 600w, https:\/\/www.opendoors.org.za\/wp-content\/uploads\/2022\/04\/Portrait-of-Nala.jpg 1920w\" sizes=\"(max-width: 500px) 100vw, 500px\" \/><\/p>\n<p>\u201cDie Here voeg daagliks\u00a0by die gemeente <em><u>di\u00e9<\/u><\/em> wat gered is.\u201d (Handelinge 2:47)<\/p>\n<p>Ons weet dat die voortdurende toename in die vervolging van Christene die gevolg is van getroue Evangelie-getuienis deur ons dapper geloofsfamilie. Om getrou te wees in die roeping om dissipels te maak, kom teen \u0149 prys, maar ook met die beloning om te sien \u201choe die Here daagliks by Sy gemeente voeg <u>di\u00e9<\/u> wat gered is\u201d (Handelinge 2:47).<\/p>\n<p>Diegene soos Nala*, \u0149 Somaliese vrou.<\/p>\n<p>Nala het grootgeword met \u0149 hunkering om meer te leer. Soos in verskeie lande in Oos-Afrika, word Moslem-vroue nie toegelaat om onderrig te ontvang in enigiets behalwe die Koran nie. Nala het in die geheim elke sent van haar sakgeld gespaar om vir haarself \u0149 opvoeding te verseker. Dit was gedurende hierdie tyd wat haar pad met Somaliese Christene (buite haar land) op die Internet gekruis het. Sy wou meer weet.<\/p>\n<p>Haar geheime vriende het haar aangemoedig om die Bybel af te laai en te lees, wat die begin was van haar geloofsreis. Nala het ander geheime gelowiges ontmoet en is uiteindelik gedoop.<\/p>\n<p><img decoding=\"async\" class=\"alignright wp-image-32220\" src=\"https:\/\/www.opendoors.org.za\/wp-content\/uploads\/2022\/04\/Nala-holding-cross-necklace-300x169.jpg\" alt=\"\" width=\"350\" height=\"197\" srcset=\"https:\/\/www.opendoors.org.za\/wp-content\/uploads\/2022\/04\/Nala-holding-cross-necklace-300x169.jpg 300w, https:\/\/www.opendoors.org.za\/wp-content\/uploads\/2022\/04\/Nala-holding-cross-necklace-1024x576.jpg 1024w, https:\/\/www.opendoors.org.za\/wp-content\/uploads\/2022\/04\/Nala-holding-cross-necklace-768x432.jpg 768w, https:\/\/www.opendoors.org.za\/wp-content\/uploads\/2022\/04\/Nala-holding-cross-necklace-1536x864.jpg 1536w, https:\/\/www.opendoors.org.za\/wp-content\/uploads\/2022\/04\/Nala-holding-cross-necklace-600x338.jpg 600w, https:\/\/www.opendoors.org.za\/wp-content\/uploads\/2022\/04\/Nala-holding-cross-necklace.jpg 1920w\" sizes=\"(max-width: 350px) 100vw, 350px\" \/><\/p>\n<p><em>\u201cJesus het my verander. Ek het besef dat Hy my gekies het en nie andersom nie. Ek het Hom nie gaan soek nie, maar Hy het my gevind,\u201d<\/em> vertel Nala.<\/p>\n<p>Sy het vir \u0149 wyle by haar nuwe vriende gewoon, waar sy ook gewerk het en die Bybel bestudeer het. Haar familie het geen idee gehad nie. Of so het sy gedink\u2026<\/p>\n<p>Hulle het op \u0149 manier uitgevind dat sy Islam versaak het. Die gevolg was dat sy aangerand en aan verskeie dinge onderwerp is in \u0149 poging om haar na Islam te laat terugkeer. Sy het depressief geraak. Haar suster het haar jammer gekry en vir haar ges\u00ea om net te maak of sy terugkeer.<\/p>\n<p><em>\u201cEn dit is wat ek gedoen het. Ek sou vroeg opstaan vir gebede, maar die tyd gebruik om met Jesus te praat,\u201d<\/em> deel sy.<\/p>\n<p>Dinge het op die oog af beter gegaan. Dit was tot haar familie eendag uit die bloute aangekondig het dat sy met \u0149 sjeik moes trou wat baie ouer is as sy. Nala was uiters ontsteld. Sy het planne beraam om te ontsnap, en met die hulp van haar vriende kon sy wegkruip. Wonder bo wonder was dit vir haar moontlik om haar land te verlaat met net Jesus aan haar sy. Die meeste gelowiges is egter nie so gelukkig nie, en hulle lot is baie erger.<\/p>\n<p><img decoding=\"async\" class=\"alignleft wp-image-32222\" src=\"https:\/\/www.opendoors.org.za\/wp-content\/uploads\/2022\/04\/Nala-writing-300x169.png\" alt=\"\" width=\"350\" height=\"197\" srcset=\"https:\/\/www.opendoors.org.za\/wp-content\/uploads\/2022\/04\/Nala-writing-300x169.png 300w, https:\/\/www.opendoors.org.za\/wp-content\/uploads\/2022\/04\/Nala-writing-1024x576.png 1024w, https:\/\/www.opendoors.org.za\/wp-content\/uploads\/2022\/04\/Nala-writing-768x432.png 768w, https:\/\/www.opendoors.org.za\/wp-content\/uploads\/2022\/04\/Nala-writing-1536x864.png 1536w, https:\/\/www.opendoors.org.za\/wp-content\/uploads\/2022\/04\/Nala-writing-600x338.png 600w, https:\/\/www.opendoors.org.za\/wp-content\/uploads\/2022\/04\/Nala-writing.png 1920w\" sizes=\"(max-width: 350px) 100vw, 350px\" \/>Maar wat staan haar te doen nadat sy ontsnap het? Vir nou is Nala veilig, maar haar toekoms is onseker. Haar geloofsreis het nou eers begin, en sy het nog \u0149 lang pad voor haar. Dit is \u0149 reis wat versigtige navigasie nodig het. Sy het dissipelskap en ondersteuning nodig in die verskillende fasette van haar lewe, van mense wat sy kan vertrou \u2013 mense soos jy.<\/p>\n<p><strong>Kan jy vandag gee om gelowiges in Oos-Afrika, soos Nala, te ondersteun? Hulle het jou gebede en ondersteuning nodig om sterk te staan terwyl hulle uiterste vervolging in die gesig staar, dikwels op hul eie.<\/strong><\/p>\n<p><strong>Deur vandag te gee, sal jy deel wees van ons visie om 15\u00a0000 gelowiges in Oos-Afrika alleen toe te rus om die Evangelie met hul bure te deel, asook met vaardighede om bekeerlinge te dissipel. Maniere waarop jou geskenk vandag \u0149 verskil kan maak: <\/strong><\/p>\n<p>Voorsien hulpbronne vir dissipelskapsopleiding (R103), voorsien Bybels en Bybelse hulpbronne in \u0149 digitale formaat (R950), help om een vervolgde gelowige in Oos-Afrika toe te rus (R1 500), voorsien noodleniging aan Gelowiges vanuit \u0149 Moslem-agtergrond (enige bedrag).<\/p>\n<p style=\"text-align: right;\"><span style=\"font-size: 14px;\">*Naam verander en verteenwoordigende foto gebruik vir sekuriteitsredes.<\/span><\/p>\n<p style=\"text-align: right;\"><span style=\"font-size: 14px;\">Indien hierdie area ten volle befonds is, sal jo<\/span>u geskenk geallokeer word na \u0149 ander projek in die streek waar dit die meeste benodig word<\/p>\n[\/vc_column_text][\/vc_column][\/vc_row][vc_row][vc_column]<div class=\"vcex-spacing wpex-w-100 wpex-clear\" style=\"height:20px;\"><\/div>[\/vc_column][\/vc_row]\n<\/div>","protected":false},"excerpt":{"rendered":"<p>[vc_row][vc_column][\/vc_column][\/vc_row][vc_row][vc_column][vc_column_text] \u201cDie Here voeg daagliks\u00a0by die gemeente di\u00e9 wat gered is.\u201d (Handelinge 2:47) Ons weet dat die voortdurende toename in die vervolging van Christene die gevolg is van getroue Evangelie-getuienis deur ons dapper geloofsfamilie. Om getrou te wees in die roeping om dissipels te maak, kom teen \u0149 prys, maar ook met die beloning om&hellip;<\/p>\n","protected":false},"author":260,"featured_media":0,"parent":0,"menu_order":0,"comment_status":"closed","ping_status":"closed","template":"","meta":{"_acf_changed":false,"footnotes":""},"class_list":["post-32167","page","type-page","status-publish","hentry","entry","no-media"],"acf":[],"yoast_head":"<!-- This site is optimized with the Yoast SEO plugin v27.1.1 - https:\/\/yoast.com\/product\/yoast-seo-wordpress\/ -->\n<title>e2204 - Jy kan gelowiges in Oos-Afrika help op hul geloofsreis - Geopende Deure<\/title>\n<meta name=\"robots\" content=\"index, follow, max-snippet:-1, max-image-preview:large, max-video-preview:-1\" \/>\n<link rel=\"canonical\" href=\"https:\/\/www.opendoors.org.za\/afr\/e2204\/\" \/>\n<meta property=\"og:locale\" content=\"af_ZA\" \/>\n<meta property=\"og:type\" content=\"article\" \/>\n<meta property=\"og:title\" content=\"e2204 - Jy kan gelowiges in Oos-Afrika help op hul geloofsreis - Geopende Deure\" \/>\n<meta property=\"og:description\" content=\"[vc_row][vc_column][\/vc_column][\/vc_row][vc_row][vc_column][vc_column_text] \u201cDie Here voeg daagliks\u00a0by die gemeente di\u00e9 wat gered is.\u201d (Handelinge 2:47) Ons weet dat die voortdurende toename in die vervolging van Christene die gevolg is van getroue Evangelie-getuienis deur ons dapper geloofsfamilie. Om getrou te wees in die roeping om dissipels te maak, kom teen \u0149 prys, maar ook met die beloning om&hellip;\" \/>\n<meta property=\"og:url\" content=\"https:\/\/www.opendoors.org.za\/afr\/e2204\/\" \/>\n<meta property=\"og:site_name\" content=\"Geopende Deure\" \/>\n<meta property=\"article:modified_time\" content=\"2022-04-25T10:27:45+00:00\" \/>\n<meta property=\"og:image\" content=\"https:\/\/www.opendoors.org.za\/wp-content\/uploads\/2022\/04\/Portrait-of-Nala-1024x576.jpg\" \/>\n<meta name=\"twitter:card\" content=\"summary_large_image\" \/>\n<meta name=\"twitter:label1\" content=\"Est. reading time\" \/>\n\t<meta name=\"twitter:data1\" content=\"4 minutes\" \/>\n<script type=\"application\/ld+json\" class=\"yoast-schema-graph\">{\"@context\":\"https:\/\/schema.org\",\"@graph\":[{\"@type\":\"WebPage\",\"@id\":\"https:\/\/www.opendoors.org.za\/afr\/e2204\/\",\"url\":\"https:\/\/www.opendoors.org.za\/afr\/e2204\/\",\"name\":\"e2204 - Jy kan gelowiges in Oos-Afrika help op hul geloofsreis - Geopende Deure\",\"isPartOf\":{\"@id\":\"https:\/\/www.opendoors.org.za\/afr\/#website\"},\"primaryImageOfPage\":{\"@id\":\"https:\/\/www.opendoors.org.za\/afr\/e2204\/#primaryimage\"},\"image\":{\"@id\":\"https:\/\/www.opendoors.org.za\/afr\/e2204\/#primaryimage\"},\"thumbnailUrl\":\"https:\/\/www.opendoors.org.za\/wp-content\/uploads\/2022\/04\/Portrait-of-Nala-1024x576.jpg\",\"datePublished\":\"2022-04-19T06:39:44+00:00\",\"dateModified\":\"2022-04-25T10:27:45+00:00\",\"breadcrumb\":{\"@id\":\"https:\/\/www.opendoors.org.za\/afr\/e2204\/#breadcrumb\"},\"inLanguage\":\"af-ZA\",\"potentialAction\":[{\"@type\":\"ReadAction\",\"target\":[\"https:\/\/www.opendoors.org.za\/afr\/e2204\/\"]}]},{\"@type\":\"ImageObject\",\"inLanguage\":\"af-ZA\",\"@id\":\"https:\/\/www.opendoors.org.za\/afr\/e2204\/#primaryimage\",\"url\":\"https:\/\/www.opendoors.org.za\/wp-content\/uploads\/2022\/04\/Portrait-of-Nala-1024x576.jpg\",\"contentUrl\":\"https:\/\/www.opendoors.org.za\/wp-content\/uploads\/2022\/04\/Portrait-of-Nala-1024x576.jpg\"},{\"@type\":\"BreadcrumbList\",\"@id\":\"https:\/\/www.opendoors.org.za\/afr\/e2204\/#breadcrumb\",\"itemListElement\":[{\"@type\":\"ListItem\",\"position\":1,\"name\":\"\",\"item\":\"https:\/\/www.opendoors.org.za\/afr\/\"},{\"@type\":\"ListItem\",\"position\":2,\"name\":\"e2204 &#8211; Jy kan gelowiges in Oos-Afrika help op hul geloofsreis\"}]},{\"@type\":\"WebSite\",\"@id\":\"https:\/\/www.opendoors.org.za\/afr\/#website\",\"url\":\"https:\/\/www.opendoors.org.za\/afr\/\",\"name\":\"Geopende Deure\",\"description\":\"The world&#039;s largest outreach to persecuted Christians in the most high-risk places.\",\"publisher\":{\"@id\":\"https:\/\/www.opendoors.org.za\/afr\/#organization\"},\"potentialAction\":[{\"@type\":\"SearchAction\",\"target\":{\"@type\":\"EntryPoint\",\"urlTemplate\":\"https:\/\/www.opendoors.org.za\/afr\/?s={search_term_string}\"},\"query-input\":{\"@type\":\"PropertyValueSpecification\",\"valueRequired\":true,\"valueName\":\"search_term_string\"}}],\"inLanguage\":\"af-ZA\"},{\"@type\":\"Organization\",\"@id\":\"https:\/\/www.opendoors.org.za\/afr\/#organization\",\"name\":\"Geopende Deure\",\"url\":\"https:\/\/www.opendoors.org.za\/afr\/\",\"logo\":{\"@type\":\"ImageObject\",\"inLanguage\":\"af-ZA\",\"@id\":\"https:\/\/www.opendoors.org.za\/afr\/#\/schema\/logo\/image\/\",\"url\":\"https:\/\/www.opendoors.org.za\/wp-content\/uploads\/2023\/08\/Open-Doors-English-2023.png\",\"contentUrl\":\"https:\/\/www.opendoors.org.za\/wp-content\/uploads\/2023\/08\/Open-Doors-English-2023.png\",\"width\":606,\"height\":76,\"caption\":\"Geopende Deure\"},\"image\":{\"@id\":\"https:\/\/www.opendoors.org.za\/afr\/#\/schema\/logo\/image\/\"}}]}<\/script>\n<!-- \/ Yoast SEO plugin. -->","yoast_head_json":{"title":"e2204 - Jy kan gelowiges in Oos-Afrika help op hul geloofsreis - Geopende Deure","robots":{"index":"index","follow":"follow","max-snippet":"max-snippet:-1","max-image-preview":"max-image-preview:large","max-video-preview":"max-video-preview:-1"},"canonical":"https:\/\/www.opendoors.org.za\/afr\/e2204\/","og_locale":"af_ZA","og_type":"article","og_title":"e2204 - Jy kan gelowiges in Oos-Afrika help op hul geloofsreis - Geopende Deure","og_description":"[vc_row][vc_column][\/vc_column][\/vc_row][vc_row][vc_column][vc_column_text] \u201cDie Here voeg daagliks\u00a0by die gemeente di\u00e9 wat gered is.\u201d (Handelinge 2:47) Ons weet dat die voortdurende toename in die vervolging van Christene die gevolg is van getroue Evangelie-getuienis deur ons dapper geloofsfamilie. Om getrou te wees in die roeping om dissipels te maak, kom teen \u0149 prys, maar ook met die beloning om&hellip;","og_url":"https:\/\/www.opendoors.org.za\/afr\/e2204\/","og_site_name":"Geopende Deure","article_modified_time":"2022-04-25T10:27:45+00:00","og_image":[{"url":"https:\/\/www.opendoors.org.za\/wp-content\/uploads\/2022\/04\/Portrait-of-Nala-1024x576.jpg","type":"","width":"","height":""}],"twitter_card":"summary_large_image","twitter_misc":{"Est. reading time":"4 minutes"},"schema":{"@context":"https:\/\/schema.org","@graph":[{"@type":"WebPage","@id":"https:\/\/www.opendoors.org.za\/afr\/e2204\/","url":"https:\/\/www.opendoors.org.za\/afr\/e2204\/","name":"e2204 - Jy kan gelowiges in Oos-Afrika help op hul geloofsreis - Geopende Deure","isPartOf":{"@id":"https:\/\/www.opendoors.org.za\/afr\/#website"},"primaryImageOfPage":{"@id":"https:\/\/www.opendoors.org.za\/afr\/e2204\/#primaryimage"},"image":{"@id":"https:\/\/www.opendoors.org.za\/afr\/e2204\/#primaryimage"},"thumbnailUrl":"https:\/\/www.opendoors.org.za\/wp-content\/uploads\/2022\/04\/Portrait-of-Nala-1024x576.jpg","datePublished":"2022-04-19T06:39:44+00:00","dateModified":"2022-04-25T10:27:45+00:00","breadcrumb":{"@id":"https:\/\/www.opendoors.org.za\/afr\/e2204\/#breadcrumb"},"inLanguage":"af-ZA","potentialAction":[{"@type":"ReadAction","target":["https:\/\/www.opendoors.org.za\/afr\/e2204\/"]}]},{"@type":"ImageObject","inLanguage":"af-ZA","@id":"https:\/\/www.opendoors.org.za\/afr\/e2204\/#primaryimage","url":"https:\/\/www.opendoors.org.za\/wp-content\/uploads\/2022\/04\/Portrait-of-Nala-1024x576.jpg","contentUrl":"https:\/\/www.opendoors.org.za\/wp-content\/uploads\/2022\/04\/Portrait-of-Nala-1024x576.jpg"},{"@type":"BreadcrumbList","@id":"https:\/\/www.opendoors.org.za\/afr\/e2204\/#breadcrumb","itemListElement":[{"@type":"ListItem","position":1,"name":"","item":"https:\/\/www.opendoors.org.za\/afr\/"},{"@type":"ListItem","position":2,"name":"e2204 &#8211; Jy kan gelowiges in Oos-Afrika help op hul geloofsreis"}]},{"@type":"WebSite","@id":"https:\/\/www.opendoors.org.za\/afr\/#website","url":"https:\/\/www.opendoors.org.za\/afr\/","name":"Geopende Deure","description":"The world&#039;s largest outreach to persecuted Christians in the most high-risk places.","publisher":{"@id":"https:\/\/www.opendoors.org.za\/afr\/#organization"},"potentialAction":[{"@type":"SearchAction","target":{"@type":"EntryPoint","urlTemplate":"https:\/\/www.opendoors.org.za\/afr\/?s={search_term_string}"},"query-input":{"@type":"PropertyValueSpecification","valueRequired":true,"valueName":"search_term_string"}}],"inLanguage":"af-ZA"},{"@type":"Organization","@id":"https:\/\/www.opendoors.org.za\/afr\/#organization","name":"Geopende Deure","url":"https:\/\/www.opendoors.org.za\/afr\/","logo":{"@type":"ImageObject","inLanguage":"af-ZA","@id":"https:\/\/www.opendoors.org.za\/afr\/#\/schema\/logo\/image\/","url":"https:\/\/www.opendoors.org.za\/wp-content\/uploads\/2023\/08\/Open-Doors-English-2023.png","contentUrl":"https:\/\/www.opendoors.org.za\/wp-content\/uploads\/2023\/08\/Open-Doors-English-2023.png","width":606,"height":76,"caption":"Geopende Deure"},"image":{"@id":"https:\/\/www.opendoors.org.za\/afr\/#\/schema\/logo\/image\/"}}]}},"_links":{"self":[{"href":"https:\/\/www.opendoors.org.za\/afr\/wp-json\/wp\/v2\/pages\/32167","targetHints":{"allow":["GET"]}}],"collection":[{"href":"https:\/\/www.opendoors.org.za\/afr\/wp-json\/wp\/v2\/pages"}],"about":[{"href":"https:\/\/www.opendoors.org.za\/afr\/wp-json\/wp\/v2\/types\/page"}],"author":[{"embeddable":true,"href":"https:\/\/www.opendoors.org.za\/afr\/wp-json\/wp\/v2\/users\/260"}],"replies":[{"embeddable":true,"href":"https:\/\/www.opendoors.org.za\/afr\/wp-json\/wp\/v2\/comments?post=32167"}],"version-history":[{"count":0,"href":"https:\/\/www.opendoors.org.za\/afr\/wp-json\/wp\/v2\/pages\/32167\/revisions"}],"wp:attachment":[{"href":"https:\/\/www.opendoors.org.za\/afr\/wp-json\/wp\/v2\/media?parent=32167"}],"curies":[{"name":"wp","href":"https:\/\/api.w.org\/{rel}","templated":true}]}}