{"id":27778,"date":"2021-06-11T12:55:11","date_gmt":"2021-06-11T10:55:11","guid":{"rendered":"https:\/\/www.opendoors.org.za\/?page_id=27778"},"modified":"2021-07-14T14:36:46","modified_gmt":"2021-07-14T12:36:46","slug":"stand-for-truth-india-gebruik-jou-stem","status":"publish","type":"page","link":"https:\/\/www.opendoors.org.za\/afr\/stand-for-truth-india-gebruik-jou-stem\/","title":{"rendered":"Stand for Truth India &#8211; Gebruik jou stem"},"content":{"rendered":"<div class=\"wpb-content-wrapper\">[vc_row full_width=&#8221;stretch_row&#8221; column_spacing=&#8221;0px&#8221; equal_height=&#8221;yes&#8221; remove_bottom_col_margin=&#8221;true&#8221; wpex_bg_overlay=&#8221;custom&#8221; css=&#8221;.vc_custom_1623755451876{background-color: #000000 !important;}&#8221; wpex_bg_overlay_image=&#8221;27899&#8243; wpex_bg_overlay_opacity=&#8221;1&#8243;][vc_column][vc_single_image image=&#8221;28057&#8243; visibility=&#8221;hidden-phone&#8221;][vc_single_image image=&#8221;28059&#8243; visibility=&#8221;visible-phone&#8221;][\/vc_column][\/vc_row][vc_row full_width=&#8221;stretch_row&#8221; column_spacing=&#8221;0px&#8221; equal_height=&#8221;yes&#8221; remove_bottom_col_margin=&#8221;true&#8221; wpex_bg_overlay=&#8221;custom&#8221; css=&#8221;.vc_custom_1623755451876{background-color: #000000 !important;}&#8221; wpex_bg_overlay_image=&#8221;27899&#8243; wpex_bg_overlay_opacity=&#8221;1&#8243;][vc_column width=&#8221;1\/2&#8243;]<style>.vcex-multi-buttons.vcex_69dfdab5a88a8 .theme-button,.vcex-multi-buttons.vcex_69dfdab5a88a8 .theme-txt-link{width:170px;padding-block:20px;padding-inline:12px;border-radius:8px;border-width:2px;font-size:20px;line-height:20;}@media (max-width:767px){.vcex-multi-buttons.vcex_69dfdab5a88a8 .theme-button,.vcex-multi-buttons.vcex_69dfdab5a88a8 .theme-txt-link{font-size:14px;}}@media (max-width:479px){.vcex-multi-buttons.vcex_69dfdab5a88a8 .theme-button,.vcex-multi-buttons.vcex_69dfdab5a88a8 .theme-txt-link{font-size:14px;}}<\/style><div class=\"vcex-multi-buttons wpex-flex wpex-flex-wrap wpex-items-center wpex-gap-10 wpex-justify-end vcex_69dfdab5a88a8\"><a href=\"https:\/\/www.opendoors.org.za\/afr\/stand-for-truth-india\/\" class=\"theme-button flat pink outline-transparent wpex-text-center vcex-count-1\" style=\"background:#6b3267;\" data-wpex-hover=\"{&quot;background&quot;:&quot;#0a0a0a&quot;}\">TUIS<\/a><a href=\"https:\/\/www.opendoors.org.za\/afr\/stand-for-truth-india-gebed\/\" class=\"theme-button flat outline-transparent wpex-text-center vcex-count-2\" style=\"background:#6b3267;\" data-wpex-hover=\"{&quot;background&quot;:&quot;#0a0a0a&quot;}\">GEBED<\/a><a href=\"https:\/\/www.opendoors.org.za\/afr\/stand-for-truth-india-gee\/\" class=\"theme-button flat outline-transparent wpex-text-center vcex-count-3\" style=\"background:#6b3267;\" data-wpex-hover=\"{&quot;background&quot;:&quot;#0a0a0a&quot;}\">GEE<\/a><\/div>[\/vc_column][vc_column width=&#8221;1\/2&#8243;]<style>.vcex-multi-buttons.vcex_69dfdab5a8be6 .theme-button,.vcex-multi-buttons.vcex_69dfdab5a8be6 .theme-txt-link{width:260px;padding-block:20px;padding-inline:12px;border-radius:8px;font-size:20px;line-height:20;}@media (max-width:767px){.vcex-multi-buttons.vcex_69dfdab5a8be6 .theme-button,.vcex-multi-buttons.vcex_69dfdab5a8be6 .theme-txt-link{font-size:14px;}}@media (max-width:479px){.vcex-multi-buttons.vcex_69dfdab5a8be6 .theme-button,.vcex-multi-buttons.vcex_69dfdab5a8be6 .theme-txt-link{font-size:14px;}}<\/style><div class=\"vcex-multi-buttons wpex-flex wpex-flex-wrap wpex-items-center wpex-gap-10 wpex-justify-end vcex_69dfdab5a8be6\"><a href=\"https:\/\/www.opendoors.org.za\/afr\/stand-for-truth-india-gebruik-jou-stem\/\" class=\"theme-button flat outline-transparent wpex-text-center vcex-count-1\" style=\"background:#000000;\" data-wpex-hover=\"{&quot;background&quot;:&quot;#0a0a0a&quot;}\">GEBRUIK JOU STEM<\/a><a href=\"https:\/\/www.opendoors.org.za\/afr\/stand-for-truth-india-versoek-n-spreker\/\" class=\"theme-button flat outline-transparent wpex-text-center vcex-count-2\" style=\"background:#6b3267;\" data-wpex-hover=\"{&quot;background&quot;:&quot;#0a0a0a&quot;}\">VERSOEK 'N SPREKER<\/a><\/div><div class=\"vcex-spacing wpex-w-100 wpex-clear\" style=\"height:5px;\"><\/div>[\/vc_column][\/vc_row][vc_row full_width=&#8221;stretch_row&#8221;][vc_column width=&#8221;2\/3&#8243;]<div class=\"vcex-spacing wpex-w-100 wpex-clear\" style=\"height:20px;\"><\/div>[vc_column_text color=&#8221;#000000&#8243;]\n<h2>Daar is \u0149 paar maniere hoe jy jou stem vir jou familie in Indi\u00eb kan verhef:<\/h2>\n[\/vc_column_text]<div class=\"vcex-spacing wpex-w-100 wpex-clear\"><\/div>[vc_column_text]Skryf aan jou LP (Lid van die Parlement) en deel die<a href=\"https:\/\/www.opendoors.org.za\/wp-content\/uploads\/2021\/07\/LSE-report-Destructive-Lies-Executive-Summary-DIGITAL-PDF-preview.pdf\" target=\"_blank\" rel=\"noopener noreferrer\"> skokkende verslag<\/a> van die London School of Economics oor hoe ekstremiste leuens en propaganda gebruik om geweld aan te hits.<\/p>\n<p>Raak betrokke by ons sosiale media veldtog deur die kort veldtogvideos te deel en politici, invloedrykes en media te <em>tag<\/em>. Gebruik die hutsmerk #StandforTruthIndia.<\/p>\n<p>Op Sondag, 15 August is dit Indi\u00eb se Onafhanklikheidsdag. Staan op hierdie dag saam met gelowiges regoor die w\u00eareld en plaas \u0149 foto van jouself op sosiale media wat \u0149 plakkaat vashou met #StandforTruthIndia om jou solidariteit met die Kerk in Indi\u00eb te wys. Gebruik die hustmerk #StandforTruthIndia op jou prent te merk.[\/vc_column_text]<div class=\"vcex-spacing wpex-w-100 wpex-clear\" style=\"height:50px;\"><\/div>[\/vc_column][vc_column width=&#8221;1\/12&#8243;][\/vc_column][vc_column width=&#8221;1\/4&#8243;]<div class=\"vcex-spacing wpex-w-100 wpex-clear\" style=\"height:20px;\"><\/div><style>.vcex-teaser.vcex_69dfdab5a95a9 .vcex-teaser-heading{color:#ffffff;}.vcex-teaser.vcex_69dfdab5a95a9 .vcex-teaser-content{background:#6b3267;}.vcex-teaser.vcex_69dfdab5a95a9 .vcex-teaser-text{color:#ffffff;}<\/style><div class=\"vcex-module vcex-teaser vcex-teaser-two wpex-flex wpex-flex-col hvr hvr-shadow wpex-surface-2 wpex-p-20 wpex-rounded vc_custom_1625219978578 vcex_69dfdab5a95a9\" style=\"background:#6b3267;\"><div class=\"vcex-teaser-media wpex-mb-20\"><a href=\"https:\/\/www.opendoors.org.za\/wp-content\/uploads\/2021\/07\/LSE-report-Destructive-Lies-Executive-Summary-DIGITAL-PDF-preview.pdf\" class=\"wpex-no-underline\" target=\"_blank\" rel=\"noopener noreferrer\"><img width=\"400\" height=\"566\" src=\"https:\/\/www.opendoors.org.za\/wp-content\/uploads\/2021\/07\/LSE-report-Destructive-Lies-Cover-Page.png\" class=\"wpex-align-middle\" alt=\"\" loading=\"lazy\" decoding=\"async\" srcset=\"https:\/\/www.opendoors.org.za\/wp-content\/uploads\/2021\/07\/LSE-report-Destructive-Lies-Cover-Page.png 400w, https:\/\/www.opendoors.org.za\/wp-content\/uploads\/2021\/07\/LSE-report-Destructive-Lies-Cover-Page-212x300.png 212w\" sizes=\"auto, (max-width: 400px) 100vw, 400px\" \/><\/a><\/div><div class=\"vcex-teaser-content\"><h3 class=\"vcex-teaser-heading wpex-heading wpex-text-lg wpex-child-inherit-color\"><a href=\"https:\/\/www.opendoors.org.za\/wp-content\/uploads\/2021\/07\/LSE-report-Destructive-Lies-Executive-Summary-DIGITAL-PDF-preview.pdf\" class=\"wpex-no-underline\" target=\"_blank\" rel=\"noopener noreferrer\">Sopas vrygestel<\/a><\/h3><div class=\"vcex-teaser-text wpex-mt-10 wpex-last-mb-0 wpex-clr\"><p>Skokkende nuwe verslag van die London School of Economics (LSE), wat die uiterste vervolging wat Christene en Moslems ervaar beskryf. Gewelddadige groepe Hindoe-nasionaliste is hiervoor verantwoordelik.<\/p>\n<\/div><\/div><\/div>[\/vc_column][\/vc_row][vc_row full_width=&#8221;stretch_row&#8221; css=&#8221;.vc_custom_1625221875996{background-color: #fafafa !important;}&#8221;][vc_column width=&#8221;2\/3&#8243;]<div class=\"vcex-spacing wpex-w-100 wpex-clear\"><\/div>[vc_column_text color=&#8221;#000000&#8243;]\n<h2>Laai hierdie prent af en maak dit jou WhatsApp profiel-foto terwyl jy intre\u00eb in gebed vir Indi\u00eb.<\/h2>\n[\/vc_column_text][\/vc_column][vc_column width=&#8221;1\/3&#8243;]<div class=\"vcex-spacing wpex-w-100 wpex-clear\"><\/div>[vc_single_image image=&#8221;28099&#8243; onclick=&#8221;custom_link&#8221; img_link_target=&#8221;_blank&#8221; link=&#8221;https:\/\/www.opendoors.org.za\/wp-content\/uploads\/2021\/06\/India-prayer-month_whatsapp-profile-AFR.png&#8221;][\/vc_column][\/vc_row][vc_row][vc_column width=&#8221;1\/2&#8243;]<div class=\"vcex-spacing wpex-w-100 wpex-clear\" style=\"height:40px;\"><\/div>[vc_column_text color=&#8221;#000000&#8243;]\n<h2>Kyk<\/h2>\n<p>Hierdie is &#8216;n video van &#8216;n Hindoe menigte wat Indiese gelowiges wie se huis afgebreek word omdat hulle in Jesus glo.[\/vc_column_text][\/vc_column][vc_column width=&#8221;1\/2&#8243;]<div class=\"vcex-spacing wpex-w-100 wpex-clear\" style=\"height:40px;\"><\/div>[vc_video link=&#8221;https:\/\/www.youtube.com\/watch?v=9pceQQJR_Iw&#8221;][\/vc_column][\/vc_row]\n<\/div>","protected":false},"excerpt":{"rendered":"<p>[vc_row full_width=&#8221;stretch_row&#8221; column_spacing=&#8221;0px&#8221; equal_height=&#8221;yes&#8221; remove_bottom_col_margin=&#8221;true&#8221; wpex_bg_overlay=&#8221;custom&#8221; css=&#8221;.vc_custom_1623755451876{background-color: #000000 !important;}&#8221; wpex_bg_overlay_image=&#8221;27899&#8243; wpex_bg_overlay_opacity=&#8221;1&#8243;][vc_column][vc_single_image image=&#8221;28057&#8243; visibility=&#8221;hidden-phone&#8221;][vc_single_image image=&#8221;28059&#8243; visibility=&#8221;visible-phone&#8221;][\/vc_column][\/vc_row][vc_row full_width=&#8221;stretch_row&#8221; column_spacing=&#8221;0px&#8221; equal_height=&#8221;yes&#8221; remove_bottom_col_margin=&#8221;true&#8221; wpex_bg_overlay=&#8221;custom&#8221; css=&#8221;.vc_custom_1623755451876{background-color: #000000 !important;}&#8221; wpex_bg_overlay_image=&#8221;27899&#8243; wpex_bg_overlay_opacity=&#8221;1&#8243;][vc_column width=&#8221;1\/2&#8243;][\/vc_column][vc_column width=&#8221;1\/2&#8243;][\/vc_column][\/vc_row][vc_row full_width=&#8221;stretch_row&#8221;][vc_column width=&#8221;2\/3&#8243;][vc_column_text color=&#8221;#000000&#8243;] Daar is \u0149 paar maniere hoe jy jou stem vir jou familie in Indi\u00eb kan verhef: [\/vc_column_text][vc_column_text]Skryf aan jou LP (Lid van die Parlement) en&hellip;<\/p>\n","protected":false},"author":260,"featured_media":0,"parent":0,"menu_order":0,"comment_status":"closed","ping_status":"closed","template":"","meta":{"_acf_changed":false,"footnotes":""},"class_list":["post-27778","page","type-page","status-publish","hentry","entry","no-media"],"acf":[],"yoast_head":"<!-- This site is optimized with the Yoast SEO plugin v27.1.1 - https:\/\/yoast.com\/product\/yoast-seo-wordpress\/ -->\n<title>Stand for Truth India - Gebruik jou stem - Geopende Deure<\/title>\n<meta name=\"robots\" content=\"index, follow, max-snippet:-1, max-image-preview:large, max-video-preview:-1\" \/>\n<link rel=\"canonical\" href=\"https:\/\/www.opendoors.org.za\/afr\/stand-for-truth-india-gebruik-jou-stem\/\" \/>\n<meta property=\"og:locale\" content=\"af_ZA\" \/>\n<meta property=\"og:type\" content=\"article\" \/>\n<meta property=\"og:title\" content=\"Stand for Truth India - Gebruik jou stem - Geopende Deure\" \/>\n<meta property=\"og:description\" content=\"[vc_row full_width=&#8221;stretch_row&#8221; column_spacing=&#8221;0px&#8221; equal_height=&#8221;yes&#8221; remove_bottom_col_margin=&#8221;true&#8221; wpex_bg_overlay=&#8221;custom&#8221; css=&#8221;.vc_custom_1623755451876{background-color: #000000 !important;}&#8221; wpex_bg_overlay_image=&#8221;27899&#8243; wpex_bg_overlay_opacity=&#8221;1&#8243;][vc_column][vc_single_image image=&#8221;28057&#8243; visibility=&#8221;hidden-phone&#8221;][vc_single_image image=&#8221;28059&#8243; visibility=&#8221;visible-phone&#8221;][\/vc_column][\/vc_row][vc_row full_width=&#8221;stretch_row&#8221; column_spacing=&#8221;0px&#8221; equal_height=&#8221;yes&#8221; remove_bottom_col_margin=&#8221;true&#8221; wpex_bg_overlay=&#8221;custom&#8221; css=&#8221;.vc_custom_1623755451876{background-color: #000000 !important;}&#8221; wpex_bg_overlay_image=&#8221;27899&#8243; wpex_bg_overlay_opacity=&#8221;1&#8243;][vc_column width=&#8221;1\/2&#8243;][\/vc_column][vc_column width=&#8221;1\/2&#8243;][\/vc_column][\/vc_row][vc_row full_width=&#8221;stretch_row&#8221;][vc_column width=&#8221;2\/3&#8243;][vc_column_text color=&#8221;#000000&#8243;] Daar is \u0149 paar maniere hoe jy jou stem vir jou familie in Indi\u00eb kan verhef: [\/vc_column_text][vc_column_text]Skryf aan jou LP (Lid van die Parlement) en&hellip;\" \/>\n<meta property=\"og:url\" content=\"https:\/\/www.opendoors.org.za\/afr\/stand-for-truth-india-gebruik-jou-stem\/\" \/>\n<meta property=\"og:site_name\" content=\"Geopende Deure\" \/>\n<meta property=\"article:modified_time\" content=\"2021-07-14T12:36:46+00:00\" \/>\n<meta name=\"twitter:card\" content=\"summary_large_image\" \/>\n<meta name=\"twitter:label1\" content=\"Est. reading time\" \/>\n\t<meta name=\"twitter:data1\" content=\"4 minutes\" \/>\n<script type=\"application\/ld+json\" class=\"yoast-schema-graph\">{\"@context\":\"https:\/\/schema.org\",\"@graph\":[{\"@type\":\"WebPage\",\"@id\":\"https:\/\/www.opendoors.org.za\/afr\/stand-for-truth-india-gebruik-jou-stem\/\",\"url\":\"https:\/\/www.opendoors.org.za\/afr\/stand-for-truth-india-gebruik-jou-stem\/\",\"name\":\"Stand for Truth India - Gebruik jou stem - Geopende Deure\",\"isPartOf\":{\"@id\":\"https:\/\/www.opendoors.org.za\/afr\/#website\"},\"datePublished\":\"2021-06-11T10:55:11+00:00\",\"dateModified\":\"2021-07-14T12:36:46+00:00\",\"breadcrumb\":{\"@id\":\"https:\/\/www.opendoors.org.za\/afr\/stand-for-truth-india-gebruik-jou-stem\/#breadcrumb\"},\"inLanguage\":\"af-ZA\",\"potentialAction\":[{\"@type\":\"ReadAction\",\"target\":[\"https:\/\/www.opendoors.org.za\/afr\/stand-for-truth-india-gebruik-jou-stem\/\"]}]},{\"@type\":\"BreadcrumbList\",\"@id\":\"https:\/\/www.opendoors.org.za\/afr\/stand-for-truth-india-gebruik-jou-stem\/#breadcrumb\",\"itemListElement\":[{\"@type\":\"ListItem\",\"position\":1,\"name\":\"\",\"item\":\"https:\/\/www.opendoors.org.za\/afr\/\"},{\"@type\":\"ListItem\",\"position\":2,\"name\":\"Stand for Truth India &#8211; Gebruik jou stem\"}]},{\"@type\":\"WebSite\",\"@id\":\"https:\/\/www.opendoors.org.za\/afr\/#website\",\"url\":\"https:\/\/www.opendoors.org.za\/afr\/\",\"name\":\"Geopende Deure\",\"description\":\"The world&#039;s largest outreach to persecuted Christians in the most high-risk places.\",\"publisher\":{\"@id\":\"https:\/\/www.opendoors.org.za\/afr\/#organization\"},\"potentialAction\":[{\"@type\":\"SearchAction\",\"target\":{\"@type\":\"EntryPoint\",\"urlTemplate\":\"https:\/\/www.opendoors.org.za\/afr\/?s={search_term_string}\"},\"query-input\":{\"@type\":\"PropertyValueSpecification\",\"valueRequired\":true,\"valueName\":\"search_term_string\"}}],\"inLanguage\":\"af-ZA\"},{\"@type\":\"Organization\",\"@id\":\"https:\/\/www.opendoors.org.za\/afr\/#organization\",\"name\":\"Geopende Deure\",\"url\":\"https:\/\/www.opendoors.org.za\/afr\/\",\"logo\":{\"@type\":\"ImageObject\",\"inLanguage\":\"af-ZA\",\"@id\":\"https:\/\/www.opendoors.org.za\/afr\/#\/schema\/logo\/image\/\",\"url\":\"https:\/\/www.opendoors.org.za\/wp-content\/uploads\/2023\/08\/Open-Doors-English-2023.png\",\"contentUrl\":\"https:\/\/www.opendoors.org.za\/wp-content\/uploads\/2023\/08\/Open-Doors-English-2023.png\",\"width\":606,\"height\":76,\"caption\":\"Geopende Deure\"},\"image\":{\"@id\":\"https:\/\/www.opendoors.org.za\/afr\/#\/schema\/logo\/image\/\"}}]}<\/script>\n<!-- \/ Yoast SEO plugin. -->","yoast_head_json":{"title":"Stand for Truth India - Gebruik jou stem - Geopende Deure","robots":{"index":"index","follow":"follow","max-snippet":"max-snippet:-1","max-image-preview":"max-image-preview:large","max-video-preview":"max-video-preview:-1"},"canonical":"https:\/\/www.opendoors.org.za\/afr\/stand-for-truth-india-gebruik-jou-stem\/","og_locale":"af_ZA","og_type":"article","og_title":"Stand for Truth India - Gebruik jou stem - Geopende Deure","og_description":"[vc_row full_width=&#8221;stretch_row&#8221; column_spacing=&#8221;0px&#8221; equal_height=&#8221;yes&#8221; remove_bottom_col_margin=&#8221;true&#8221; wpex_bg_overlay=&#8221;custom&#8221; css=&#8221;.vc_custom_1623755451876{background-color: #000000 !important;}&#8221; wpex_bg_overlay_image=&#8221;27899&#8243; wpex_bg_overlay_opacity=&#8221;1&#8243;][vc_column][vc_single_image image=&#8221;28057&#8243; visibility=&#8221;hidden-phone&#8221;][vc_single_image image=&#8221;28059&#8243; visibility=&#8221;visible-phone&#8221;][\/vc_column][\/vc_row][vc_row full_width=&#8221;stretch_row&#8221; column_spacing=&#8221;0px&#8221; equal_height=&#8221;yes&#8221; remove_bottom_col_margin=&#8221;true&#8221; wpex_bg_overlay=&#8221;custom&#8221; css=&#8221;.vc_custom_1623755451876{background-color: #000000 !important;}&#8221; wpex_bg_overlay_image=&#8221;27899&#8243; wpex_bg_overlay_opacity=&#8221;1&#8243;][vc_column width=&#8221;1\/2&#8243;][\/vc_column][vc_column width=&#8221;1\/2&#8243;][\/vc_column][\/vc_row][vc_row full_width=&#8221;stretch_row&#8221;][vc_column width=&#8221;2\/3&#8243;][vc_column_text color=&#8221;#000000&#8243;] Daar is \u0149 paar maniere hoe jy jou stem vir jou familie in Indi\u00eb kan verhef: [\/vc_column_text][vc_column_text]Skryf aan jou LP (Lid van die Parlement) en&hellip;","og_url":"https:\/\/www.opendoors.org.za\/afr\/stand-for-truth-india-gebruik-jou-stem\/","og_site_name":"Geopende Deure","article_modified_time":"2021-07-14T12:36:46+00:00","twitter_card":"summary_large_image","twitter_misc":{"Est. reading time":"4 minutes"},"schema":{"@context":"https:\/\/schema.org","@graph":[{"@type":"WebPage","@id":"https:\/\/www.opendoors.org.za\/afr\/stand-for-truth-india-gebruik-jou-stem\/","url":"https:\/\/www.opendoors.org.za\/afr\/stand-for-truth-india-gebruik-jou-stem\/","name":"Stand for Truth India - Gebruik jou stem - Geopende Deure","isPartOf":{"@id":"https:\/\/www.opendoors.org.za\/afr\/#website"},"datePublished":"2021-06-11T10:55:11+00:00","dateModified":"2021-07-14T12:36:46+00:00","breadcrumb":{"@id":"https:\/\/www.opendoors.org.za\/afr\/stand-for-truth-india-gebruik-jou-stem\/#breadcrumb"},"inLanguage":"af-ZA","potentialAction":[{"@type":"ReadAction","target":["https:\/\/www.opendoors.org.za\/afr\/stand-for-truth-india-gebruik-jou-stem\/"]}]},{"@type":"BreadcrumbList","@id":"https:\/\/www.opendoors.org.za\/afr\/stand-for-truth-india-gebruik-jou-stem\/#breadcrumb","itemListElement":[{"@type":"ListItem","position":1,"name":"","item":"https:\/\/www.opendoors.org.za\/afr\/"},{"@type":"ListItem","position":2,"name":"Stand for Truth India &#8211; Gebruik jou stem"}]},{"@type":"WebSite","@id":"https:\/\/www.opendoors.org.za\/afr\/#website","url":"https:\/\/www.opendoors.org.za\/afr\/","name":"Geopende Deure","description":"The world&#039;s largest outreach to persecuted Christians in the most high-risk places.","publisher":{"@id":"https:\/\/www.opendoors.org.za\/afr\/#organization"},"potentialAction":[{"@type":"SearchAction","target":{"@type":"EntryPoint","urlTemplate":"https:\/\/www.opendoors.org.za\/afr\/?s={search_term_string}"},"query-input":{"@type":"PropertyValueSpecification","valueRequired":true,"valueName":"search_term_string"}}],"inLanguage":"af-ZA"},{"@type":"Organization","@id":"https:\/\/www.opendoors.org.za\/afr\/#organization","name":"Geopende Deure","url":"https:\/\/www.opendoors.org.za\/afr\/","logo":{"@type":"ImageObject","inLanguage":"af-ZA","@id":"https:\/\/www.opendoors.org.za\/afr\/#\/schema\/logo\/image\/","url":"https:\/\/www.opendoors.org.za\/wp-content\/uploads\/2023\/08\/Open-Doors-English-2023.png","contentUrl":"https:\/\/www.opendoors.org.za\/wp-content\/uploads\/2023\/08\/Open-Doors-English-2023.png","width":606,"height":76,"caption":"Geopende Deure"},"image":{"@id":"https:\/\/www.opendoors.org.za\/afr\/#\/schema\/logo\/image\/"}}]}},"_links":{"self":[{"href":"https:\/\/www.opendoors.org.za\/afr\/wp-json\/wp\/v2\/pages\/27778","targetHints":{"allow":["GET"]}}],"collection":[{"href":"https:\/\/www.opendoors.org.za\/afr\/wp-json\/wp\/v2\/pages"}],"about":[{"href":"https:\/\/www.opendoors.org.za\/afr\/wp-json\/wp\/v2\/types\/page"}],"author":[{"embeddable":true,"href":"https:\/\/www.opendoors.org.za\/afr\/wp-json\/wp\/v2\/users\/260"}],"replies":[{"embeddable":true,"href":"https:\/\/www.opendoors.org.za\/afr\/wp-json\/wp\/v2\/comments?post=27778"}],"version-history":[{"count":0,"href":"https:\/\/www.opendoors.org.za\/afr\/wp-json\/wp\/v2\/pages\/27778\/revisions"}],"wp:attachment":[{"href":"https:\/\/www.opendoors.org.za\/afr\/wp-json\/wp\/v2\/media?parent=27778"}],"curies":[{"name":"wp","href":"https:\/\/api.w.org\/{rel}","templated":true}]}}