{"id":11816,"date":"2018-06-05T13:22:32","date_gmt":"2018-06-05T11:22:32","guid":{"rendered":"https:\/\/www.opendoors.org.za\/?page_id=11816"},"modified":"2018-06-05T13:22:32","modified_gmt":"2018-06-05T11:22:32","slug":"gebed-die-werklike-stryd-eboek-leef","status":"publish","type":"page","link":"https:\/\/www.opendoors.org.za\/afr\/gebed-die-werklike-stryd-eboek-leef\/","title":{"rendered":"Gebed: Die Werklike Stryd, eboek &#8211; Leef"},"content":{"rendered":"<div class=\"wpb-content-wrapper\">[vc_row][vc_column width=&#8221;2\/3&#8243; offset=&#8221;vc_col-lg-offset-2&#8243;]<div class=\"vcex-spacing wpex-w-100 wpex-clear\"><\/div><style>.vcex-heading.vcex_69d77d7f735f6{color:#770606;}<\/style><h1 class=\"vcex-heading vcex-heading-plain vcex-module wpex-heading wpex-text-2xl wpex-h1 wpex-text-center vcex_69d77d7f735f6\"><span class=\"vcex-heading-inner wpex-inline-block\">'Gebed: Die Werklike Stryd' - kry jou gratis e-boek hier!<\/span><\/h1>[\/vc_column][\/vc_row][vc_row][vc_column width=&#8221;1\/3&#8243;][vc_single_image image=&#8221;7578&#8243; img_size=&#8221;medium&#8221; alignment=&#8221;center&#8221; style=&#8221;vc_box_shadow_3d&#8221;][\/vc_column][vc_column width=&#8221;2\/3&#8243;][vc_column_text]\n<blockquote>\n<p>Vind uit hoe om jou gemeenskap, nasie en die w\u00eareld op jou knie\u00eb te verander.<\/p>\n<\/blockquote>\n<p>Die kragtigste ding wat ons vir ons vervolgde broers en susters kan doen, is om vir hulle te bid.<\/p>\n<p><em>Maar hoe bid ons vir hulle?<\/em><\/p>\n<p>Sommige situasies vereis baie meer as \u0149 eenvoudige \u201cHere, se\u00ebn hulle\u201d tipe gebed. Diegene wat ly vir die naam van Christus, het toegewyde voorbidders nodig \u2013 mans en vroue wat namens hulle voor God intree. Hulle het die beskerming van die liggaam van Christus nodig wat toegewyd is daaraan om \u0149 geestelike stryd namens hulle te voer.<\/p>\n<p>Dit is waarom Broer Andrew en Al Janssen die boek, <em>Gebed: Die Werklike Stryd<\/em>, geskryf het.[\/vc_column_text][\/vc_column][\/vc_row][vc_row][vc_column width=&#8221;5\/6&#8243; offset=&#8221;vc_col-lg-offset-1&#8243;][vc_column_text]Ontvang jou GRATIS kopie van Gebed: Die Werklike Stryd wanneer jy hieronder inteken met jou naam en eposadres.<\/p>\n<p>God nooi jou uit om jou gemeenskap, nasie en die w\u00eareld te be\u00efnvloed terwyl jy op jou knie\u00eb is. <em>Gebed: Die Werklike Stryd<\/em> kan jou wys hoe.<\/p>\n<p><strong>Teken hieronder in om jou kopie te versoek.<\/strong><\/p>\n<p>Dankie dat jy help om God se Koninkryk uit te bou waar geloof die meeste kos![\/vc_column_text]<!DOCTYPE html><html><head><meta charset='UTF-8' \/><\/head><body class='GF_AJAX_POSTBACK'><p class=\"gform_not_found\">Oops! We could not locate your form.<\/p><\/body><\/html>[\/vc_column][\/vc_row]\n<\/div>","protected":false},"excerpt":{"rendered":"<p>[vc_row][vc_column width=&#8221;2\/3&#8243; offset=&#8221;vc_col-lg-offset-2&#8243;][\/vc_column][\/vc_row][vc_row][vc_column width=&#8221;1\/3&#8243;][vc_single_image image=&#8221;7578&#8243; img_size=&#8221;medium&#8221; alignment=&#8221;center&#8221; style=&#8221;vc_box_shadow_3d&#8221;][\/vc_column][vc_column width=&#8221;2\/3&#8243;][vc_column_text] Vind uit hoe om jou gemeenskap, nasie en die w\u00eareld op jou knie\u00eb te verander. Die kragtigste ding wat ons vir ons vervolgde broers en susters kan doen, is om vir hulle te bid. Maar hoe bid ons vir hulle? Sommige situasies vereis baie meer as&hellip;<\/p>\n","protected":false},"author":260,"featured_media":0,"parent":0,"menu_order":0,"comment_status":"closed","ping_status":"closed","template":"","meta":{"_acf_changed":false,"footnotes":""},"class_list":["post-11816","page","type-page","status-publish","hentry","entry","no-media"],"acf":[],"yoast_head":"<!-- This site is optimized with the Yoast SEO plugin v27.1.1 - https:\/\/yoast.com\/product\/yoast-seo-wordpress\/ -->\n<title>Gebed: Die Werklike Stryd, eboek - Leef - Geopende Deure<\/title>\n<meta name=\"robots\" content=\"index, follow, max-snippet:-1, max-image-preview:large, max-video-preview:-1\" \/>\n<link rel=\"canonical\" href=\"https:\/\/www.opendoors.org.za\/afr\/gebed-die-werklike-stryd-eboek-leef\/\" \/>\n<meta property=\"og:locale\" content=\"af_ZA\" \/>\n<meta property=\"og:type\" content=\"article\" \/>\n<meta property=\"og:title\" content=\"Gebed: Die Werklike Stryd, eboek - Leef - Geopende Deure\" \/>\n<meta property=\"og:description\" content=\"[vc_row][vc_column width=&#8221;2\/3&#8243; offset=&#8221;vc_col-lg-offset-2&#8243;][\/vc_column][\/vc_row][vc_row][vc_column width=&#8221;1\/3&#8243;][vc_single_image image=&#8221;7578&#8243; img_size=&#8221;medium&#8221; alignment=&#8221;center&#8221; style=&#8221;vc_box_shadow_3d&#8221;][\/vc_column][vc_column width=&#8221;2\/3&#8243;][vc_column_text] Vind uit hoe om jou gemeenskap, nasie en die w\u00eareld op jou knie\u00eb te verander. Die kragtigste ding wat ons vir ons vervolgde broers en susters kan doen, is om vir hulle te bid. Maar hoe bid ons vir hulle? Sommige situasies vereis baie meer as&hellip;\" \/>\n<meta property=\"og:url\" content=\"https:\/\/www.opendoors.org.za\/afr\/gebed-die-werklike-stryd-eboek-leef\/\" \/>\n<meta property=\"og:site_name\" content=\"Geopende Deure\" \/>\n<meta name=\"twitter:card\" content=\"summary_large_image\" \/>\n<meta name=\"twitter:label1\" content=\"Est. reading time\" \/>\n\t<meta name=\"twitter:data1\" content=\"1 minute\" \/>\n<script type=\"application\/ld+json\" class=\"yoast-schema-graph\">{\"@context\":\"https:\/\/schema.org\",\"@graph\":[{\"@type\":\"WebPage\",\"@id\":\"https:\/\/www.opendoors.org.za\/afr\/gebed-die-werklike-stryd-eboek-leef\/\",\"url\":\"https:\/\/www.opendoors.org.za\/afr\/gebed-die-werklike-stryd-eboek-leef\/\",\"name\":\"Gebed: Die Werklike Stryd, eboek - Leef - Geopende Deure\",\"isPartOf\":{\"@id\":\"https:\/\/www.opendoors.org.za\/afr\/#website\"},\"datePublished\":\"2018-06-05T11:22:32+00:00\",\"breadcrumb\":{\"@id\":\"https:\/\/www.opendoors.org.za\/afr\/gebed-die-werklike-stryd-eboek-leef\/#breadcrumb\"},\"inLanguage\":\"af-ZA\",\"potentialAction\":[{\"@type\":\"ReadAction\",\"target\":[\"https:\/\/www.opendoors.org.za\/afr\/gebed-die-werklike-stryd-eboek-leef\/\"]}]},{\"@type\":\"BreadcrumbList\",\"@id\":\"https:\/\/www.opendoors.org.za\/afr\/gebed-die-werklike-stryd-eboek-leef\/#breadcrumb\",\"itemListElement\":[{\"@type\":\"ListItem\",\"position\":1,\"name\":\"\",\"item\":\"https:\/\/www.opendoors.org.za\/afr\/\"},{\"@type\":\"ListItem\",\"position\":2,\"name\":\"Gebed: Die Werklike Stryd, eboek &#8211; Leef\"}]},{\"@type\":\"WebSite\",\"@id\":\"https:\/\/www.opendoors.org.za\/afr\/#website\",\"url\":\"https:\/\/www.opendoors.org.za\/afr\/\",\"name\":\"Geopende Deure\",\"description\":\"The world&#039;s largest outreach to persecuted Christians in the most high-risk places.\",\"publisher\":{\"@id\":\"https:\/\/www.opendoors.org.za\/afr\/#organization\"},\"potentialAction\":[{\"@type\":\"SearchAction\",\"target\":{\"@type\":\"EntryPoint\",\"urlTemplate\":\"https:\/\/www.opendoors.org.za\/afr\/?s={search_term_string}\"},\"query-input\":{\"@type\":\"PropertyValueSpecification\",\"valueRequired\":true,\"valueName\":\"search_term_string\"}}],\"inLanguage\":\"af-ZA\"},{\"@type\":\"Organization\",\"@id\":\"https:\/\/www.opendoors.org.za\/afr\/#organization\",\"name\":\"Geopende Deure\",\"url\":\"https:\/\/www.opendoors.org.za\/afr\/\",\"logo\":{\"@type\":\"ImageObject\",\"inLanguage\":\"af-ZA\",\"@id\":\"https:\/\/www.opendoors.org.za\/afr\/#\/schema\/logo\/image\/\",\"url\":\"https:\/\/www.opendoors.org.za\/wp-content\/uploads\/2023\/08\/Open-Doors-English-2023.png\",\"contentUrl\":\"https:\/\/www.opendoors.org.za\/wp-content\/uploads\/2023\/08\/Open-Doors-English-2023.png\",\"width\":606,\"height\":76,\"caption\":\"Geopende Deure\"},\"image\":{\"@id\":\"https:\/\/www.opendoors.org.za\/afr\/#\/schema\/logo\/image\/\"}}]}<\/script>\n<!-- \/ Yoast SEO plugin. -->","yoast_head_json":{"title":"Gebed: Die Werklike Stryd, eboek - Leef - Geopende Deure","robots":{"index":"index","follow":"follow","max-snippet":"max-snippet:-1","max-image-preview":"max-image-preview:large","max-video-preview":"max-video-preview:-1"},"canonical":"https:\/\/www.opendoors.org.za\/afr\/gebed-die-werklike-stryd-eboek-leef\/","og_locale":"af_ZA","og_type":"article","og_title":"Gebed: Die Werklike Stryd, eboek - Leef - Geopende Deure","og_description":"[vc_row][vc_column width=&#8221;2\/3&#8243; offset=&#8221;vc_col-lg-offset-2&#8243;][\/vc_column][\/vc_row][vc_row][vc_column width=&#8221;1\/3&#8243;][vc_single_image image=&#8221;7578&#8243; img_size=&#8221;medium&#8221; alignment=&#8221;center&#8221; style=&#8221;vc_box_shadow_3d&#8221;][\/vc_column][vc_column width=&#8221;2\/3&#8243;][vc_column_text] Vind uit hoe om jou gemeenskap, nasie en die w\u00eareld op jou knie\u00eb te verander. Die kragtigste ding wat ons vir ons vervolgde broers en susters kan doen, is om vir hulle te bid. Maar hoe bid ons vir hulle? Sommige situasies vereis baie meer as&hellip;","og_url":"https:\/\/www.opendoors.org.za\/afr\/gebed-die-werklike-stryd-eboek-leef\/","og_site_name":"Geopende Deure","twitter_card":"summary_large_image","twitter_misc":{"Est. reading time":"1 minute"},"schema":{"@context":"https:\/\/schema.org","@graph":[{"@type":"WebPage","@id":"https:\/\/www.opendoors.org.za\/afr\/gebed-die-werklike-stryd-eboek-leef\/","url":"https:\/\/www.opendoors.org.za\/afr\/gebed-die-werklike-stryd-eboek-leef\/","name":"Gebed: Die Werklike Stryd, eboek - Leef - Geopende Deure","isPartOf":{"@id":"https:\/\/www.opendoors.org.za\/afr\/#website"},"datePublished":"2018-06-05T11:22:32+00:00","breadcrumb":{"@id":"https:\/\/www.opendoors.org.za\/afr\/gebed-die-werklike-stryd-eboek-leef\/#breadcrumb"},"inLanguage":"af-ZA","potentialAction":[{"@type":"ReadAction","target":["https:\/\/www.opendoors.org.za\/afr\/gebed-die-werklike-stryd-eboek-leef\/"]}]},{"@type":"BreadcrumbList","@id":"https:\/\/www.opendoors.org.za\/afr\/gebed-die-werklike-stryd-eboek-leef\/#breadcrumb","itemListElement":[{"@type":"ListItem","position":1,"name":"","item":"https:\/\/www.opendoors.org.za\/afr\/"},{"@type":"ListItem","position":2,"name":"Gebed: Die Werklike Stryd, eboek &#8211; Leef"}]},{"@type":"WebSite","@id":"https:\/\/www.opendoors.org.za\/afr\/#website","url":"https:\/\/www.opendoors.org.za\/afr\/","name":"Geopende Deure","description":"The world&#039;s largest outreach to persecuted Christians in the most high-risk places.","publisher":{"@id":"https:\/\/www.opendoors.org.za\/afr\/#organization"},"potentialAction":[{"@type":"SearchAction","target":{"@type":"EntryPoint","urlTemplate":"https:\/\/www.opendoors.org.za\/afr\/?s={search_term_string}"},"query-input":{"@type":"PropertyValueSpecification","valueRequired":true,"valueName":"search_term_string"}}],"inLanguage":"af-ZA"},{"@type":"Organization","@id":"https:\/\/www.opendoors.org.za\/afr\/#organization","name":"Geopende Deure","url":"https:\/\/www.opendoors.org.za\/afr\/","logo":{"@type":"ImageObject","inLanguage":"af-ZA","@id":"https:\/\/www.opendoors.org.za\/afr\/#\/schema\/logo\/image\/","url":"https:\/\/www.opendoors.org.za\/wp-content\/uploads\/2023\/08\/Open-Doors-English-2023.png","contentUrl":"https:\/\/www.opendoors.org.za\/wp-content\/uploads\/2023\/08\/Open-Doors-English-2023.png","width":606,"height":76,"caption":"Geopende Deure"},"image":{"@id":"https:\/\/www.opendoors.org.za\/afr\/#\/schema\/logo\/image\/"}}]}},"_links":{"self":[{"href":"https:\/\/www.opendoors.org.za\/afr\/wp-json\/wp\/v2\/pages\/11816","targetHints":{"allow":["GET"]}}],"collection":[{"href":"https:\/\/www.opendoors.org.za\/afr\/wp-json\/wp\/v2\/pages"}],"about":[{"href":"https:\/\/www.opendoors.org.za\/afr\/wp-json\/wp\/v2\/types\/page"}],"author":[{"embeddable":true,"href":"https:\/\/www.opendoors.org.za\/afr\/wp-json\/wp\/v2\/users\/260"}],"replies":[{"embeddable":true,"href":"https:\/\/www.opendoors.org.za\/afr\/wp-json\/wp\/v2\/comments?post=11816"}],"version-history":[{"count":0,"href":"https:\/\/www.opendoors.org.za\/afr\/wp-json\/wp\/v2\/pages\/11816\/revisions"}],"wp:attachment":[{"href":"https:\/\/www.opendoors.org.za\/afr\/wp-json\/wp\/v2\/media?parent=11816"}],"curies":[{"name":"wp","href":"https:\/\/api.w.org\/{rel}","templated":true}]}}